{"id":3490,"date":"2022-03-29T12:51:36","date_gmt":"2022-03-29T10:51:36","guid":{"rendered":"https:\/\/agroclean.es\/producto\/agroclean-bet\/"},"modified":"2024-09-12T11:39:02","modified_gmt":"2024-09-12T09:39:02","slug":"agroclean-bet","status":"publish","type":"product","link":"https:\/\/agroclean.es\/fr\/producto\/agroclean-bet\/","title":{"rendered":"Agroclean bet"},"content":{"rendered":"<p>Engrais organique d&rsquo;origine v\u00e9g\u00e9tale issu de m\u00e9lasses de betterave compos\u00e9 de glycineb\u00e9ta\u00efne. Ce produit apporte de l&rsquo;azote organique et a un effet osmoprotecteur, en \u00e9quilibrant l&rsquo;\u00e9change d&rsquo;eau entre la plante et le milieu. Il produit des b\u00e9n\u00e9fices directs sur le rendement de la culture gr\u00e2ce \u00e0 une augmentation de la r\u00e9tention de fruits apr\u00e8s la nouaison et \u00e0 un plus grand poids de ceux-ci. Ce produit peut \u00eatre utilis\u00e9 sur tout type de cultures: horticoles, fraises et autres fruits rouges, agrumes, arbres fruitiers, vigne, olivier, etc.<\/p>\n<table width=\"596\">\n<tbody>\n<tr>\n<td colspan=\"2\" width=\"201\">25 kg<\/td>\n<td colspan=\"2\" width=\"201\">5 kg<\/td>\n<td colspan=\"3\" width=\"194\">1 kg<\/td>\n<\/tr>\n<tr>\n<td colspan=\"2\" width=\"201\">15,54 \u20ac\/kg<\/td>\n<td colspan=\"2\" width=\"201\">17,40 \u20ac\/kg<\/td>\n<td colspan=\"3\" width=\"194\">20,34 \u20ac\/kg<\/td>\n<\/tr>\n<tr>\n<td colspan=\"2\" width=\"201\">25 Kg (Palette (250 kg))<\/td>\n<td colspan=\"2\" width=\"201\">5 kg (Palette (250 kg))<\/td>\n<td colspan=\"3\" width=\"194\">1 kg (Palette (250 kg))<\/td>\n<\/tr>\n<tr>\n<td colspan=\"2\" width=\"201\">13,20 \u20ac\/kg<\/td>\n<td colspan=\"2\" width=\"201\">14,78 \u20ac\/kg<\/td>\n<td colspan=\"3\" width=\"194\">17,28 \u20ac\/kg<\/td>\n<\/tr>\n<\/tbody>\n<\/table>\n<p><em>*\u00cates-vous un grand agriculteur, p\u00e9pini\u00e8re ou distributeur? Nous avons un autre tarif pour vous. Consultez notre rubrique \u201cGros volume et distributeurs\u201d<\/em><\/p>\n","protected":false},"excerpt":{"rendered":"<p>Plantes plus r\u00e9sistantes \u00e0 des situations adverses et diminution de l&rsquo;interruption des fruits juste apr\u00e8s la nouaison, du cracking et des malformations.<\/p>\n","protected":false},"featured_media":3463,"template":"","meta":[],"product_brand":[],"product_cat":[77],"product_tag":[80],"class_list":{"0":"post-3490","1":"product","2":"type-product","3":"status-publish","4":"has-post-thumbnail","6":"product_cat-equilibre-osmotique","7":"product_tag-gamme-premium","9":"first","10":"instock","11":"taxable","12":"shipping-taxable","13":"purchasable","14":"product-type-variable"},"yoast_head":"<!-- This site is optimized with the Yoast SEO plugin v27.2 - https:\/\/yoast.com\/product\/yoast-seo-wordpress\/ -->\n<title>Agroclean bet - \u00c9quilibre osmotique Agroclean<\/title>\n<meta name=\"description\" content=\"Plantes plus r\u00e9sistantes \u00e0 des situations adverses et diminution de l&#039;interruption des fruits juste apr\u00e8s la nouaison, du cracking et des malformations.\" \/>\n<meta name=\"robots\" content=\"index, follow, max-snippet:-1, max-image-preview:large, max-video-preview:-1\" \/>\n<link rel=\"canonical\" href=\"https:\/\/agroclean.es\/fr\/producto\/agroclean-bet\/\" \/>\n<meta property=\"og:locale\" content=\"fr_FR\" \/>\n<meta property=\"og:type\" content=\"article\" \/>\n<meta property=\"og:title\" content=\"Agroclean bet - \u00c9quilibre osmotique Agroclean\" \/>\n<meta property=\"og:description\" content=\"Plantes plus r\u00e9sistantes \u00e0 des situations adverses et diminution de l&#039;interruption des fruits juste apr\u00e8s la nouaison, du cracking et des malformations.\" \/>\n<meta property=\"og:url\" content=\"https:\/\/agroclean.es\/fr\/producto\/agroclean-bet\/\" \/>\n<meta property=\"og:site_name\" content=\"Agroclean\" \/>\n<meta property=\"article:modified_time\" content=\"2024-09-12T09:39:02+00:00\" \/>\n<meta property=\"og:image\" content=\"https:\/\/agroclean.es\/wp-content\/uploads\/2022\/03\/Montaje-sacos_1Kg-y-5Kg.jpg\" \/>\n\t<meta property=\"og:image:width\" content=\"1400\" \/>\n\t<meta property=\"og:image:height\" content=\"1400\" \/>\n\t<meta property=\"og:image:type\" content=\"image\/jpeg\" \/>\n<meta name=\"twitter:card\" content=\"summary_large_image\" \/>\n<meta name=\"twitter:label1\" content=\"Dur\u00e9e de lecture estim\u00e9e\" \/>\n\t<meta name=\"twitter:data1\" content=\"1 minute\" \/>\n<script type=\"application\/ld+json\" class=\"yoast-schema-graph\">{\"@context\":\"https:\/\/schema.org\",\"@graph\":[{\"@type\":[\"WebPage\",\"ItemPage\"],\"@id\":\"https:\/\/agroclean.es\/fr\/producto\/agroclean-bet\/\",\"url\":\"https:\/\/agroclean.es\/fr\/producto\/agroclean-bet\/\",\"name\":\"Agroclean bet - \u00c9quilibre osmotique Agroclean\",\"isPartOf\":{\"@id\":\"https:\/\/agroclean.es\/fr\/#website\"},\"primaryImageOfPage\":{\"@id\":\"https:\/\/agroclean.es\/fr\/producto\/agroclean-bet\/#primaryimage\"},\"image\":{\"@id\":\"https:\/\/agroclean.es\/fr\/producto\/agroclean-bet\/#primaryimage\"},\"thumbnailUrl\":\"https:\/\/agroclean.es\/wp-content\/uploads\/2022\/03\/Montaje-sacos_1Kg-y-5Kg.jpg\",\"datePublished\":\"2022-03-29T10:51:36+00:00\",\"dateModified\":\"2024-09-12T09:39:02+00:00\",\"description\":\"Plantes plus r\u00e9sistantes \u00e0 des situations adverses et diminution de l'interruption des fruits juste apr\u00e8s la nouaison, du cracking et des malformations.\",\"breadcrumb\":{\"@id\":\"https:\/\/agroclean.es\/fr\/producto\/agroclean-bet\/#breadcrumb\"},\"inLanguage\":\"fr-FR\",\"potentialAction\":[{\"@type\":\"ReadAction\",\"target\":[\"https:\/\/agroclean.es\/fr\/producto\/agroclean-bet\/\"]}]},{\"@type\":\"ImageObject\",\"inLanguage\":\"fr-FR\",\"@id\":\"https:\/\/agroclean.es\/fr\/producto\/agroclean-bet\/#primaryimage\",\"url\":\"https:\/\/agroclean.es\/wp-content\/uploads\/2022\/03\/Montaje-sacos_1Kg-y-5Kg.jpg\",\"contentUrl\":\"https:\/\/agroclean.es\/wp-content\/uploads\/2022\/03\/Montaje-sacos_1Kg-y-5Kg.jpg\",\"width\":1400,\"height\":1400,\"caption\":\"Abono para equilibrio osm\u00f3tico Agroclean Bet\"},{\"@type\":\"BreadcrumbList\",\"@id\":\"https:\/\/agroclean.es\/fr\/producto\/agroclean-bet\/#breadcrumb\",\"itemListElement\":[{\"@type\":\"ListItem\",\"position\":1,\"name\":\"Portada\",\"item\":\"https:\/\/agroclean.es\/fr\/\"},{\"@type\":\"ListItem\",\"position\":2,\"name\":\"Produits\",\"item\":\"https:\/\/agroclean.es\/fr\/produits\/\"},{\"@type\":\"ListItem\",\"position\":3,\"name\":\"Agroclean bet\"}]},{\"@type\":\"WebSite\",\"@id\":\"https:\/\/agroclean.es\/fr\/#website\",\"url\":\"https:\/\/agroclean.es\/fr\/\",\"name\":\"Agroclean\",\"description\":\"Fabricantes de productos nutricionales para cultivos\",\"publisher\":{\"@id\":\"https:\/\/agroclean.es\/fr\/#organization\"},\"potentialAction\":[{\"@type\":\"SearchAction\",\"target\":{\"@type\":\"EntryPoint\",\"urlTemplate\":\"https:\/\/agroclean.es\/fr\/?s={search_term_string}\"},\"query-input\":{\"@type\":\"PropertyValueSpecification\",\"valueRequired\":true,\"valueName\":\"search_term_string\"}}],\"inLanguage\":\"fr-FR\"},{\"@type\":\"Organization\",\"@id\":\"https:\/\/agroclean.es\/fr\/#organization\",\"name\":\"Agroclean\",\"url\":\"https:\/\/agroclean.es\/fr\/\",\"logo\":{\"@type\":\"ImageObject\",\"inLanguage\":\"fr-FR\",\"@id\":\"https:\/\/agroclean.es\/fr\/#\/schema\/logo\/image\/\",\"url\":\"https:\/\/agroclean.es\/wp-content\/uploads\/2020\/12\/cropped-Inicio-agroclean-1.png\",\"contentUrl\":\"https:\/\/agroclean.es\/wp-content\/uploads\/2020\/12\/cropped-Inicio-agroclean-1.png\",\"width\":284,\"height\":78,\"caption\":\"Agroclean\"},\"image\":{\"@id\":\"https:\/\/agroclean.es\/fr\/#\/schema\/logo\/image\/\"},\"sameAs\":[\"https:\/\/www.linkedin.com\/company\/agroclean-s-l\/\"]}]}<\/script>\n<!-- \/ Yoast SEO plugin. -->","yoast_head_json":{"title":"Agroclean bet - \u00c9quilibre osmotique Agroclean","description":"Plantes plus r\u00e9sistantes \u00e0 des situations adverses et diminution de l'interruption des fruits juste apr\u00e8s la nouaison, du cracking et des malformations.","robots":{"index":"index","follow":"follow","max-snippet":"max-snippet:-1","max-image-preview":"max-image-preview:large","max-video-preview":"max-video-preview:-1"},"canonical":"https:\/\/agroclean.es\/fr\/producto\/agroclean-bet\/","og_locale":"fr_FR","og_type":"article","og_title":"Agroclean bet - \u00c9quilibre osmotique Agroclean","og_description":"Plantes plus r\u00e9sistantes \u00e0 des situations adverses et diminution de l'interruption des fruits juste apr\u00e8s la nouaison, du cracking et des malformations.","og_url":"https:\/\/agroclean.es\/fr\/producto\/agroclean-bet\/","og_site_name":"Agroclean","article_modified_time":"2024-09-12T09:39:02+00:00","og_image":[{"width":1400,"height":1400,"url":"https:\/\/agroclean.es\/wp-content\/uploads\/2022\/03\/Montaje-sacos_1Kg-y-5Kg.jpg","type":"image\/jpeg"}],"twitter_card":"summary_large_image","twitter_misc":{"Dur\u00e9e de lecture estim\u00e9e":"1 minute"},"schema":{"@context":"https:\/\/schema.org","@graph":[{"@type":["WebPage","ItemPage"],"@id":"https:\/\/agroclean.es\/fr\/producto\/agroclean-bet\/","url":"https:\/\/agroclean.es\/fr\/producto\/agroclean-bet\/","name":"Agroclean bet - \u00c9quilibre osmotique Agroclean","isPartOf":{"@id":"https:\/\/agroclean.es\/fr\/#website"},"primaryImageOfPage":{"@id":"https:\/\/agroclean.es\/fr\/producto\/agroclean-bet\/#primaryimage"},"image":{"@id":"https:\/\/agroclean.es\/fr\/producto\/agroclean-bet\/#primaryimage"},"thumbnailUrl":"https:\/\/agroclean.es\/wp-content\/uploads\/2022\/03\/Montaje-sacos_1Kg-y-5Kg.jpg","datePublished":"2022-03-29T10:51:36+00:00","dateModified":"2024-09-12T09:39:02+00:00","description":"Plantes plus r\u00e9sistantes \u00e0 des situations adverses et diminution de l'interruption des fruits juste apr\u00e8s la nouaison, du cracking et des malformations.","breadcrumb":{"@id":"https:\/\/agroclean.es\/fr\/producto\/agroclean-bet\/#breadcrumb"},"inLanguage":"fr-FR","potentialAction":[{"@type":"ReadAction","target":["https:\/\/agroclean.es\/fr\/producto\/agroclean-bet\/"]}]},{"@type":"ImageObject","inLanguage":"fr-FR","@id":"https:\/\/agroclean.es\/fr\/producto\/agroclean-bet\/#primaryimage","url":"https:\/\/agroclean.es\/wp-content\/uploads\/2022\/03\/Montaje-sacos_1Kg-y-5Kg.jpg","contentUrl":"https:\/\/agroclean.es\/wp-content\/uploads\/2022\/03\/Montaje-sacos_1Kg-y-5Kg.jpg","width":1400,"height":1400,"caption":"Abono para equilibrio osm\u00f3tico Agroclean Bet"},{"@type":"BreadcrumbList","@id":"https:\/\/agroclean.es\/fr\/producto\/agroclean-bet\/#breadcrumb","itemListElement":[{"@type":"ListItem","position":1,"name":"Portada","item":"https:\/\/agroclean.es\/fr\/"},{"@type":"ListItem","position":2,"name":"Produits","item":"https:\/\/agroclean.es\/fr\/produits\/"},{"@type":"ListItem","position":3,"name":"Agroclean bet"}]},{"@type":"WebSite","@id":"https:\/\/agroclean.es\/fr\/#website","url":"https:\/\/agroclean.es\/fr\/","name":"Agroclean","description":"Fabricantes de productos nutricionales para cultivos","publisher":{"@id":"https:\/\/agroclean.es\/fr\/#organization"},"potentialAction":[{"@type":"SearchAction","target":{"@type":"EntryPoint","urlTemplate":"https:\/\/agroclean.es\/fr\/?s={search_term_string}"},"query-input":{"@type":"PropertyValueSpecification","valueRequired":true,"valueName":"search_term_string"}}],"inLanguage":"fr-FR"},{"@type":"Organization","@id":"https:\/\/agroclean.es\/fr\/#organization","name":"Agroclean","url":"https:\/\/agroclean.es\/fr\/","logo":{"@type":"ImageObject","inLanguage":"fr-FR","@id":"https:\/\/agroclean.es\/fr\/#\/schema\/logo\/image\/","url":"https:\/\/agroclean.es\/wp-content\/uploads\/2020\/12\/cropped-Inicio-agroclean-1.png","contentUrl":"https:\/\/agroclean.es\/wp-content\/uploads\/2020\/12\/cropped-Inicio-agroclean-1.png","width":284,"height":78,"caption":"Agroclean"},"image":{"@id":"https:\/\/agroclean.es\/fr\/#\/schema\/logo\/image\/"},"sameAs":["https:\/\/www.linkedin.com\/company\/agroclean-s-l\/"]}]}},"_links":{"self":[{"href":"https:\/\/agroclean.es\/fr\/wp-json\/wp\/v2\/product\/3490","targetHints":{"allow":["GET"]}}],"collection":[{"href":"https:\/\/agroclean.es\/fr\/wp-json\/wp\/v2\/product"}],"about":[{"href":"https:\/\/agroclean.es\/fr\/wp-json\/wp\/v2\/types\/product"}],"version-history":[{"count":0,"href":"https:\/\/agroclean.es\/fr\/wp-json\/wp\/v2\/product\/3490\/revisions"}],"wp:featuredmedia":[{"embeddable":true,"href":"https:\/\/agroclean.es\/fr\/wp-json\/wp\/v2\/media\/3463"}],"wp:attachment":[{"href":"https:\/\/agroclean.es\/fr\/wp-json\/wp\/v2\/media?parent=3490"}],"wp:term":[{"taxonomy":"product_brand","embeddable":true,"href":"https:\/\/agroclean.es\/fr\/wp-json\/wp\/v2\/product_brand?post=3490"},{"taxonomy":"product_cat","embeddable":true,"href":"https:\/\/agroclean.es\/fr\/wp-json\/wp\/v2\/product_cat?post=3490"},{"taxonomy":"product_tag","embeddable":true,"href":"https:\/\/agroclean.es\/fr\/wp-json\/wp\/v2\/product_tag?post=3490"}],"curies":[{"name":"wp","href":"https:\/\/api.w.org\/{rel}","templated":true}]}}