{"id":2822,"date":"2021-01-15T11:54:34","date_gmt":"2021-01-15T10:54:34","guid":{"rendered":"https:\/\/agroclean.es\/producto\/zinc-manganeso-plus\/"},"modified":"2024-09-12T16:30:25","modified_gmt":"2024-09-12T14:30:25","slug":"zinc-manganeso-plus","status":"publish","type":"product","link":"https:\/\/agroclean.es\/fr\/producto\/zinc-manganeso-plus\/","title":{"rendered":"Zinc + Manganeso Plus"},"content":{"rendered":"<p>Correcteur de carences en zinc et en mangan\u00e8se sp\u00e9cialement formul\u00e9 pour pr\u00e9venir et rem\u00e9dier aux carences de ces micro\u00e9l\u00e9ments chez la plante. Ces nutriments sont facilement assimil\u00e9s car ils sont complex\u00e9s avec de l\u2019acide lignosulfonique. La carence en zinc augmente la chute des petits fruits et fait diminuer leur taille. La carence en mangan\u00e8se est \u00e0 l\u2019origine de l\u2019apparition d\u2019asym\u00e9tries au niveau des feuilles et de la formation de n\u00e9croses. Le manque de ces nutriments provoque un d\u00e9s\u00e9quilibre m\u00e9tabolique g\u00e9n\u00e9ral qui g\u00eane le d\u00e9veloppement de la plante.<\/p>\n<table width=\"137\">\n<tbody>\n<tr>\n<td class=\"titulo\" width=\"137\">2 kg<\/td>\n<\/tr>\n<tr>\n<td>8,98 \u20ac\/Kg<\/td>\n<\/tr>\n<tr>\n<td class=\"titulo\" width=\"137\">2 kg (Palette (250 kg))<\/td>\n<\/tr>\n<tr>\n<td>7,63 \u20ac\/Kg<\/td>\n<\/tr>\n<\/tbody>\n<\/table>\n<p><em>*\u00cates-vous un grand agriculteur, p\u00e9pini\u00e8re ou distributeur? Nous avons un autre tarif pour vous. Consultez notre rubrique \u201cGros volume et distributeurs\u201d<\/em><\/p>\n<p>&nbsp;<\/p>\n","protected":false},"excerpt":{"rendered":"<p>M\u00e9lange solide de mangan\u00e8se (Mn) et de zinc (Zn) complex\u00e9s avec de l\u2019acide lignosulfonique.<\/p>\n","protected":false},"featured_media":2824,"template":"","meta":[],"product_brand":[],"product_cat":[73],"product_tag":[79],"class_list":{"0":"post-2822","1":"product","2":"type-product","3":"status-publish","4":"has-post-thumbnail","6":"product_cat-correcteur-de-carences","7":"product_tag-gamme-aminoclean","9":"first","10":"instock","11":"featured","12":"taxable","13":"shipping-taxable","14":"purchasable","15":"product-type-variable"},"yoast_head":"<!-- This site is optimized with the Yoast SEO plugin v27.2 - https:\/\/yoast.com\/product\/yoast-seo-wordpress\/ -->\n<title>Zinc + Manganeso Plus - Correcteur de carencesAgroclean<\/title>\n<meta name=\"description\" content=\"M\u00e9lange solide de mangan\u00e8se (Mn) et de zinc (Zn) complex\u00e9s avec de l\u2019acide lignosulfonique.\" \/>\n<meta name=\"robots\" content=\"index, follow, max-snippet:-1, max-image-preview:large, max-video-preview:-1\" \/>\n<link rel=\"canonical\" href=\"https:\/\/agroclean.es\/fr\/producto\/zinc-manganeso-plus\/\" \/>\n<meta property=\"og:locale\" content=\"fr_FR\" \/>\n<meta property=\"og:type\" content=\"article\" \/>\n<meta property=\"og:title\" content=\"Zinc + Manganeso Plus - Correcteur de carencesAgroclean\" \/>\n<meta property=\"og:description\" content=\"M\u00e9lange solide de mangan\u00e8se (Mn) et de zinc (Zn) complex\u00e9s avec de l\u2019acide lignosulfonique.\" \/>\n<meta property=\"og:url\" content=\"https:\/\/agroclean.es\/fr\/producto\/zinc-manganeso-plus\/\" \/>\n<meta property=\"og:site_name\" content=\"Agroclean\" \/>\n<meta property=\"article:modified_time\" content=\"2024-09-12T14:30:25+00:00\" \/>\n<meta property=\"og:image\" content=\"https:\/\/agroclean.es\/wp-content\/uploads\/2021\/01\/znmn-plus_2Kg_frontal.jpg\" \/>\n\t<meta property=\"og:image:width\" content=\"1400\" \/>\n\t<meta property=\"og:image:height\" content=\"1400\" \/>\n\t<meta property=\"og:image:type\" content=\"image\/jpeg\" \/>\n<meta name=\"twitter:card\" content=\"summary_large_image\" \/>\n<meta name=\"twitter:label1\" content=\"Dur\u00e9e de lecture estim\u00e9e\" \/>\n\t<meta name=\"twitter:data1\" content=\"1 minute\" \/>\n<script type=\"application\/ld+json\" class=\"yoast-schema-graph\">{\"@context\":\"https:\/\/schema.org\",\"@graph\":[{\"@type\":[\"WebPage\",\"ItemPage\"],\"@id\":\"https:\/\/agroclean.es\/fr\/producto\/zinc-manganeso-plus\/\",\"url\":\"https:\/\/agroclean.es\/fr\/producto\/zinc-manganeso-plus\/\",\"name\":\"Zinc + Manganeso Plus - Correcteur de carencesAgroclean\",\"isPartOf\":{\"@id\":\"https:\/\/agroclean.es\/fr\/#website\"},\"primaryImageOfPage\":{\"@id\":\"https:\/\/agroclean.es\/fr\/producto\/zinc-manganeso-plus\/#primaryimage\"},\"image\":{\"@id\":\"https:\/\/agroclean.es\/fr\/producto\/zinc-manganeso-plus\/#primaryimage\"},\"thumbnailUrl\":\"https:\/\/agroclean.es\/wp-content\/uploads\/2021\/01\/znmn-plus_2Kg_frontal.jpg\",\"datePublished\":\"2021-01-15T10:54:34+00:00\",\"dateModified\":\"2024-09-12T14:30:25+00:00\",\"description\":\"M\u00e9lange solide de mangan\u00e8se (Mn) et de zinc (Zn) complex\u00e9s avec de l\u2019acide lignosulfonique.\",\"breadcrumb\":{\"@id\":\"https:\/\/agroclean.es\/fr\/producto\/zinc-manganeso-plus\/#breadcrumb\"},\"inLanguage\":\"fr-FR\",\"potentialAction\":[{\"@type\":\"ReadAction\",\"target\":[\"https:\/\/agroclean.es\/fr\/producto\/zinc-manganeso-plus\/\"]}]},{\"@type\":\"ImageObject\",\"inLanguage\":\"fr-FR\",\"@id\":\"https:\/\/agroclean.es\/fr\/producto\/zinc-manganeso-plus\/#primaryimage\",\"url\":\"https:\/\/agroclean.es\/wp-content\/uploads\/2021\/01\/znmn-plus_2Kg_frontal.jpg\",\"contentUrl\":\"https:\/\/agroclean.es\/wp-content\/uploads\/2021\/01\/znmn-plus_2Kg_frontal.jpg\",\"width\":1400,\"height\":1400},{\"@type\":\"BreadcrumbList\",\"@id\":\"https:\/\/agroclean.es\/fr\/producto\/zinc-manganeso-plus\/#breadcrumb\",\"itemListElement\":[{\"@type\":\"ListItem\",\"position\":1,\"name\":\"Portada\",\"item\":\"https:\/\/agroclean.es\/fr\/\"},{\"@type\":\"ListItem\",\"position\":2,\"name\":\"Produits\",\"item\":\"https:\/\/agroclean.es\/fr\/produits\/\"},{\"@type\":\"ListItem\",\"position\":3,\"name\":\"Zinc + Manganeso Plus\"}]},{\"@type\":\"WebSite\",\"@id\":\"https:\/\/agroclean.es\/fr\/#website\",\"url\":\"https:\/\/agroclean.es\/fr\/\",\"name\":\"Agroclean\",\"description\":\"Fabricantes de productos nutricionales para cultivos\",\"publisher\":{\"@id\":\"https:\/\/agroclean.es\/fr\/#organization\"},\"potentialAction\":[{\"@type\":\"SearchAction\",\"target\":{\"@type\":\"EntryPoint\",\"urlTemplate\":\"https:\/\/agroclean.es\/fr\/?s={search_term_string}\"},\"query-input\":{\"@type\":\"PropertyValueSpecification\",\"valueRequired\":true,\"valueName\":\"search_term_string\"}}],\"inLanguage\":\"fr-FR\"},{\"@type\":\"Organization\",\"@id\":\"https:\/\/agroclean.es\/fr\/#organization\",\"name\":\"Agroclean\",\"url\":\"https:\/\/agroclean.es\/fr\/\",\"logo\":{\"@type\":\"ImageObject\",\"inLanguage\":\"fr-FR\",\"@id\":\"https:\/\/agroclean.es\/fr\/#\/schema\/logo\/image\/\",\"url\":\"https:\/\/agroclean.es\/wp-content\/uploads\/2020\/12\/cropped-Inicio-agroclean-1.png\",\"contentUrl\":\"https:\/\/agroclean.es\/wp-content\/uploads\/2020\/12\/cropped-Inicio-agroclean-1.png\",\"width\":284,\"height\":78,\"caption\":\"Agroclean\"},\"image\":{\"@id\":\"https:\/\/agroclean.es\/fr\/#\/schema\/logo\/image\/\"},\"sameAs\":[\"https:\/\/www.linkedin.com\/company\/agroclean-s-l\/\"]}]}<\/script>\n<!-- \/ Yoast SEO plugin. -->","yoast_head_json":{"title":"Zinc + Manganeso Plus - Correcteur de carencesAgroclean","description":"M\u00e9lange solide de mangan\u00e8se (Mn) et de zinc (Zn) complex\u00e9s avec de l\u2019acide lignosulfonique.","robots":{"index":"index","follow":"follow","max-snippet":"max-snippet:-1","max-image-preview":"max-image-preview:large","max-video-preview":"max-video-preview:-1"},"canonical":"https:\/\/agroclean.es\/fr\/producto\/zinc-manganeso-plus\/","og_locale":"fr_FR","og_type":"article","og_title":"Zinc + Manganeso Plus - Correcteur de carencesAgroclean","og_description":"M\u00e9lange solide de mangan\u00e8se (Mn) et de zinc (Zn) complex\u00e9s avec de l\u2019acide lignosulfonique.","og_url":"https:\/\/agroclean.es\/fr\/producto\/zinc-manganeso-plus\/","og_site_name":"Agroclean","article_modified_time":"2024-09-12T14:30:25+00:00","og_image":[{"width":1400,"height":1400,"url":"https:\/\/agroclean.es\/wp-content\/uploads\/2021\/01\/znmn-plus_2Kg_frontal.jpg","type":"image\/jpeg"}],"twitter_card":"summary_large_image","twitter_misc":{"Dur\u00e9e de lecture estim\u00e9e":"1 minute"},"schema":{"@context":"https:\/\/schema.org","@graph":[{"@type":["WebPage","ItemPage"],"@id":"https:\/\/agroclean.es\/fr\/producto\/zinc-manganeso-plus\/","url":"https:\/\/agroclean.es\/fr\/producto\/zinc-manganeso-plus\/","name":"Zinc + Manganeso Plus - Correcteur de carencesAgroclean","isPartOf":{"@id":"https:\/\/agroclean.es\/fr\/#website"},"primaryImageOfPage":{"@id":"https:\/\/agroclean.es\/fr\/producto\/zinc-manganeso-plus\/#primaryimage"},"image":{"@id":"https:\/\/agroclean.es\/fr\/producto\/zinc-manganeso-plus\/#primaryimage"},"thumbnailUrl":"https:\/\/agroclean.es\/wp-content\/uploads\/2021\/01\/znmn-plus_2Kg_frontal.jpg","datePublished":"2021-01-15T10:54:34+00:00","dateModified":"2024-09-12T14:30:25+00:00","description":"M\u00e9lange solide de mangan\u00e8se (Mn) et de zinc (Zn) complex\u00e9s avec de l\u2019acide lignosulfonique.","breadcrumb":{"@id":"https:\/\/agroclean.es\/fr\/producto\/zinc-manganeso-plus\/#breadcrumb"},"inLanguage":"fr-FR","potentialAction":[{"@type":"ReadAction","target":["https:\/\/agroclean.es\/fr\/producto\/zinc-manganeso-plus\/"]}]},{"@type":"ImageObject","inLanguage":"fr-FR","@id":"https:\/\/agroclean.es\/fr\/producto\/zinc-manganeso-plus\/#primaryimage","url":"https:\/\/agroclean.es\/wp-content\/uploads\/2021\/01\/znmn-plus_2Kg_frontal.jpg","contentUrl":"https:\/\/agroclean.es\/wp-content\/uploads\/2021\/01\/znmn-plus_2Kg_frontal.jpg","width":1400,"height":1400},{"@type":"BreadcrumbList","@id":"https:\/\/agroclean.es\/fr\/producto\/zinc-manganeso-plus\/#breadcrumb","itemListElement":[{"@type":"ListItem","position":1,"name":"Portada","item":"https:\/\/agroclean.es\/fr\/"},{"@type":"ListItem","position":2,"name":"Produits","item":"https:\/\/agroclean.es\/fr\/produits\/"},{"@type":"ListItem","position":3,"name":"Zinc + Manganeso Plus"}]},{"@type":"WebSite","@id":"https:\/\/agroclean.es\/fr\/#website","url":"https:\/\/agroclean.es\/fr\/","name":"Agroclean","description":"Fabricantes de productos nutricionales para cultivos","publisher":{"@id":"https:\/\/agroclean.es\/fr\/#organization"},"potentialAction":[{"@type":"SearchAction","target":{"@type":"EntryPoint","urlTemplate":"https:\/\/agroclean.es\/fr\/?s={search_term_string}"},"query-input":{"@type":"PropertyValueSpecification","valueRequired":true,"valueName":"search_term_string"}}],"inLanguage":"fr-FR"},{"@type":"Organization","@id":"https:\/\/agroclean.es\/fr\/#organization","name":"Agroclean","url":"https:\/\/agroclean.es\/fr\/","logo":{"@type":"ImageObject","inLanguage":"fr-FR","@id":"https:\/\/agroclean.es\/fr\/#\/schema\/logo\/image\/","url":"https:\/\/agroclean.es\/wp-content\/uploads\/2020\/12\/cropped-Inicio-agroclean-1.png","contentUrl":"https:\/\/agroclean.es\/wp-content\/uploads\/2020\/12\/cropped-Inicio-agroclean-1.png","width":284,"height":78,"caption":"Agroclean"},"image":{"@id":"https:\/\/agroclean.es\/fr\/#\/schema\/logo\/image\/"},"sameAs":["https:\/\/www.linkedin.com\/company\/agroclean-s-l\/"]}]}},"_links":{"self":[{"href":"https:\/\/agroclean.es\/fr\/wp-json\/wp\/v2\/product\/2822","targetHints":{"allow":["GET"]}}],"collection":[{"href":"https:\/\/agroclean.es\/fr\/wp-json\/wp\/v2\/product"}],"about":[{"href":"https:\/\/agroclean.es\/fr\/wp-json\/wp\/v2\/types\/product"}],"version-history":[{"count":0,"href":"https:\/\/agroclean.es\/fr\/wp-json\/wp\/v2\/product\/2822\/revisions"}],"wp:featuredmedia":[{"embeddable":true,"href":"https:\/\/agroclean.es\/fr\/wp-json\/wp\/v2\/media\/2824"}],"wp:attachment":[{"href":"https:\/\/agroclean.es\/fr\/wp-json\/wp\/v2\/media?parent=2822"}],"wp:term":[{"taxonomy":"product_brand","embeddable":true,"href":"https:\/\/agroclean.es\/fr\/wp-json\/wp\/v2\/product_brand?post=2822"},{"taxonomy":"product_cat","embeddable":true,"href":"https:\/\/agroclean.es\/fr\/wp-json\/wp\/v2\/product_cat?post=2822"},{"taxonomy":"product_tag","embeddable":true,"href":"https:\/\/agroclean.es\/fr\/wp-json\/wp\/v2\/product_tag?post=2822"}],"curies":[{"name":"wp","href":"https:\/\/api.w.org\/{rel}","templated":true}]}}