{"id":2797,"date":"2021-01-15T11:47:06","date_gmt":"2021-01-15T10:47:06","guid":{"rendered":"https:\/\/agroclean.es\/producto\/micros\/"},"modified":"2024-09-12T16:32:07","modified_gmt":"2024-09-12T14:32:07","slug":"micros","status":"publish","type":"product","link":"https:\/\/agroclean.es\/fr\/producto\/micros\/","title":{"rendered":"Micros"},"content":{"rendered":"<p>Compte tenu de la forme ch\u00e9lat\u00e9e qui apporte une grande stabilit\u00e9 au sol, les micro\u00e9l\u00e9ments pr\u00e9sentent une disponibilit\u00e9 rapide pour la plante, en agissant sur celle-ci en corrigeant les carences et en stimulant son d\u00e9veloppement.<\/p>\n<table width=\"93\">\n<tbody>\n<tr>\n<td class=\"titulo\" width=\"93\">5 kg<\/td>\n<\/tr>\n<tr>\n<td>8,34 \u20ac\/Kg<\/td>\n<\/tr>\n<tr>\n<td class=\"titulo\" width=\"93\">5 kg (Palette (250 kg))<\/td>\n<\/tr>\n<tr>\n<td>7,08 \u20ac\/Kg<\/td>\n<\/tr>\n<\/tbody>\n<\/table>\n<p><em>*\u00cates-vous un grand agriculteur, p\u00e9pini\u00e8re ou distributeur? Nous avons un autre tarif pour vous. Consultez notre rubrique \u201cGros volume et distributeurs\u201d<\/em><\/p>\n<p>&nbsp;<\/p>\n","protected":false},"excerpt":{"rendered":"<p>Ch\u00e9late de micro\u00e9l\u00e9ments (B, Cu, Fe, Mn, Mo et Zn) par EDTA (19%), EEDHSA (1%) et complex\u00e9s par HGA (25%).<\/p>\n","protected":false},"featured_media":2799,"template":"","meta":[],"product_brand":[],"product_cat":[73],"product_tag":[79],"class_list":{"0":"post-2797","1":"product","2":"type-product","3":"status-publish","4":"has-post-thumbnail","6":"product_cat-correcteur-de-carences","7":"product_tag-gamme-aminoclean","9":"first","10":"instock","11":"taxable","12":"shipping-taxable","13":"purchasable","14":"product-type-variable"},"yoast_head":"<!-- This site is optimized with the Yoast SEO plugin v27.2 - https:\/\/yoast.com\/product\/yoast-seo-wordpress\/ -->\n<title>Micros - Correcteur de carencesAgroclean<\/title>\n<meta name=\"description\" content=\"Ch\u00e9late de micro\u00e9l\u00e9ments (B, Cu, Fe, Mn, Mo et Zn) par EDTA (19%), EEDHSA (1%) et complex\u00e9s par HGA (25%).\" \/>\n<meta name=\"robots\" content=\"index, follow, max-snippet:-1, max-image-preview:large, max-video-preview:-1\" \/>\n<link rel=\"canonical\" href=\"https:\/\/agroclean.es\/fr\/producto\/micros\/\" \/>\n<meta property=\"og:locale\" content=\"fr_FR\" \/>\n<meta property=\"og:type\" content=\"article\" \/>\n<meta property=\"og:title\" content=\"Micros - Correcteur de carencesAgroclean\" \/>\n<meta property=\"og:description\" content=\"Ch\u00e9late de micro\u00e9l\u00e9ments (B, Cu, Fe, Mn, Mo et Zn) par EDTA (19%), EEDHSA (1%) et complex\u00e9s par HGA (25%).\" \/>\n<meta property=\"og:url\" content=\"https:\/\/agroclean.es\/fr\/producto\/micros\/\" \/>\n<meta property=\"og:site_name\" content=\"Agroclean\" \/>\n<meta property=\"article:modified_time\" content=\"2024-09-12T14:32:07+00:00\" \/>\n<meta property=\"og:image\" content=\"https:\/\/agroclean.es\/wp-content\/uploads\/2021\/01\/micros_5Kg_frontal.jpg\" \/>\n\t<meta property=\"og:image:width\" content=\"1400\" \/>\n\t<meta property=\"og:image:height\" content=\"1400\" \/>\n\t<meta property=\"og:image:type\" content=\"image\/jpeg\" \/>\n<meta name=\"twitter:card\" content=\"summary_large_image\" \/>\n<meta name=\"twitter:label1\" content=\"Dur\u00e9e de lecture estim\u00e9e\" \/>\n\t<meta name=\"twitter:data1\" content=\"1 minute\" \/>\n<script type=\"application\/ld+json\" class=\"yoast-schema-graph\">{\"@context\":\"https:\/\/schema.org\",\"@graph\":[{\"@type\":[\"WebPage\",\"ItemPage\"],\"@id\":\"https:\/\/agroclean.es\/fr\/producto\/micros\/\",\"url\":\"https:\/\/agroclean.es\/fr\/producto\/micros\/\",\"name\":\"Micros - Correcteur de carencesAgroclean\",\"isPartOf\":{\"@id\":\"https:\/\/agroclean.es\/fr\/#website\"},\"primaryImageOfPage\":{\"@id\":\"https:\/\/agroclean.es\/fr\/producto\/micros\/#primaryimage\"},\"image\":{\"@id\":\"https:\/\/agroclean.es\/fr\/producto\/micros\/#primaryimage\"},\"thumbnailUrl\":\"https:\/\/agroclean.es\/wp-content\/uploads\/2021\/01\/micros_5Kg_frontal.jpg\",\"datePublished\":\"2021-01-15T10:47:06+00:00\",\"dateModified\":\"2024-09-12T14:32:07+00:00\",\"description\":\"Ch\u00e9late de micro\u00e9l\u00e9ments (B, Cu, Fe, Mn, Mo et Zn) par EDTA (19%), EEDHSA (1%) et complex\u00e9s par HGA (25%).\",\"breadcrumb\":{\"@id\":\"https:\/\/agroclean.es\/fr\/producto\/micros\/#breadcrumb\"},\"inLanguage\":\"fr-FR\",\"potentialAction\":[{\"@type\":\"ReadAction\",\"target\":[\"https:\/\/agroclean.es\/fr\/producto\/micros\/\"]}]},{\"@type\":\"ImageObject\",\"inLanguage\":\"fr-FR\",\"@id\":\"https:\/\/agroclean.es\/fr\/producto\/micros\/#primaryimage\",\"url\":\"https:\/\/agroclean.es\/wp-content\/uploads\/2021\/01\/micros_5Kg_frontal.jpg\",\"contentUrl\":\"https:\/\/agroclean.es\/wp-content\/uploads\/2021\/01\/micros_5Kg_frontal.jpg\",\"width\":1400,\"height\":1400},{\"@type\":\"BreadcrumbList\",\"@id\":\"https:\/\/agroclean.es\/fr\/producto\/micros\/#breadcrumb\",\"itemListElement\":[{\"@type\":\"ListItem\",\"position\":1,\"name\":\"Portada\",\"item\":\"https:\/\/agroclean.es\/fr\/\"},{\"@type\":\"ListItem\",\"position\":2,\"name\":\"Produits\",\"item\":\"https:\/\/agroclean.es\/fr\/produits\/\"},{\"@type\":\"ListItem\",\"position\":3,\"name\":\"Micros\"}]},{\"@type\":\"WebSite\",\"@id\":\"https:\/\/agroclean.es\/fr\/#website\",\"url\":\"https:\/\/agroclean.es\/fr\/\",\"name\":\"Agroclean\",\"description\":\"Fabricantes de productos nutricionales para cultivos\",\"publisher\":{\"@id\":\"https:\/\/agroclean.es\/fr\/#organization\"},\"potentialAction\":[{\"@type\":\"SearchAction\",\"target\":{\"@type\":\"EntryPoint\",\"urlTemplate\":\"https:\/\/agroclean.es\/fr\/?s={search_term_string}\"},\"query-input\":{\"@type\":\"PropertyValueSpecification\",\"valueRequired\":true,\"valueName\":\"search_term_string\"}}],\"inLanguage\":\"fr-FR\"},{\"@type\":\"Organization\",\"@id\":\"https:\/\/agroclean.es\/fr\/#organization\",\"name\":\"Agroclean\",\"url\":\"https:\/\/agroclean.es\/fr\/\",\"logo\":{\"@type\":\"ImageObject\",\"inLanguage\":\"fr-FR\",\"@id\":\"https:\/\/agroclean.es\/fr\/#\/schema\/logo\/image\/\",\"url\":\"https:\/\/agroclean.es\/wp-content\/uploads\/2020\/12\/cropped-Inicio-agroclean-1.png\",\"contentUrl\":\"https:\/\/agroclean.es\/wp-content\/uploads\/2020\/12\/cropped-Inicio-agroclean-1.png\",\"width\":284,\"height\":78,\"caption\":\"Agroclean\"},\"image\":{\"@id\":\"https:\/\/agroclean.es\/fr\/#\/schema\/logo\/image\/\"},\"sameAs\":[\"https:\/\/www.linkedin.com\/company\/agroclean-s-l\/\"]}]}<\/script>\n<!-- \/ Yoast SEO plugin. -->","yoast_head_json":{"title":"Micros - Correcteur de carencesAgroclean","description":"Ch\u00e9late de micro\u00e9l\u00e9ments (B, Cu, Fe, Mn, Mo et Zn) par EDTA (19%), EEDHSA (1%) et complex\u00e9s par HGA (25%).","robots":{"index":"index","follow":"follow","max-snippet":"max-snippet:-1","max-image-preview":"max-image-preview:large","max-video-preview":"max-video-preview:-1"},"canonical":"https:\/\/agroclean.es\/fr\/producto\/micros\/","og_locale":"fr_FR","og_type":"article","og_title":"Micros - Correcteur de carencesAgroclean","og_description":"Ch\u00e9late de micro\u00e9l\u00e9ments (B, Cu, Fe, Mn, Mo et Zn) par EDTA (19%), EEDHSA (1%) et complex\u00e9s par HGA (25%).","og_url":"https:\/\/agroclean.es\/fr\/producto\/micros\/","og_site_name":"Agroclean","article_modified_time":"2024-09-12T14:32:07+00:00","og_image":[{"width":1400,"height":1400,"url":"https:\/\/agroclean.es\/wp-content\/uploads\/2021\/01\/micros_5Kg_frontal.jpg","type":"image\/jpeg"}],"twitter_card":"summary_large_image","twitter_misc":{"Dur\u00e9e de lecture estim\u00e9e":"1 minute"},"schema":{"@context":"https:\/\/schema.org","@graph":[{"@type":["WebPage","ItemPage"],"@id":"https:\/\/agroclean.es\/fr\/producto\/micros\/","url":"https:\/\/agroclean.es\/fr\/producto\/micros\/","name":"Micros - Correcteur de carencesAgroclean","isPartOf":{"@id":"https:\/\/agroclean.es\/fr\/#website"},"primaryImageOfPage":{"@id":"https:\/\/agroclean.es\/fr\/producto\/micros\/#primaryimage"},"image":{"@id":"https:\/\/agroclean.es\/fr\/producto\/micros\/#primaryimage"},"thumbnailUrl":"https:\/\/agroclean.es\/wp-content\/uploads\/2021\/01\/micros_5Kg_frontal.jpg","datePublished":"2021-01-15T10:47:06+00:00","dateModified":"2024-09-12T14:32:07+00:00","description":"Ch\u00e9late de micro\u00e9l\u00e9ments (B, Cu, Fe, Mn, Mo et Zn) par EDTA (19%), EEDHSA (1%) et complex\u00e9s par HGA (25%).","breadcrumb":{"@id":"https:\/\/agroclean.es\/fr\/producto\/micros\/#breadcrumb"},"inLanguage":"fr-FR","potentialAction":[{"@type":"ReadAction","target":["https:\/\/agroclean.es\/fr\/producto\/micros\/"]}]},{"@type":"ImageObject","inLanguage":"fr-FR","@id":"https:\/\/agroclean.es\/fr\/producto\/micros\/#primaryimage","url":"https:\/\/agroclean.es\/wp-content\/uploads\/2021\/01\/micros_5Kg_frontal.jpg","contentUrl":"https:\/\/agroclean.es\/wp-content\/uploads\/2021\/01\/micros_5Kg_frontal.jpg","width":1400,"height":1400},{"@type":"BreadcrumbList","@id":"https:\/\/agroclean.es\/fr\/producto\/micros\/#breadcrumb","itemListElement":[{"@type":"ListItem","position":1,"name":"Portada","item":"https:\/\/agroclean.es\/fr\/"},{"@type":"ListItem","position":2,"name":"Produits","item":"https:\/\/agroclean.es\/fr\/produits\/"},{"@type":"ListItem","position":3,"name":"Micros"}]},{"@type":"WebSite","@id":"https:\/\/agroclean.es\/fr\/#website","url":"https:\/\/agroclean.es\/fr\/","name":"Agroclean","description":"Fabricantes de productos nutricionales para cultivos","publisher":{"@id":"https:\/\/agroclean.es\/fr\/#organization"},"potentialAction":[{"@type":"SearchAction","target":{"@type":"EntryPoint","urlTemplate":"https:\/\/agroclean.es\/fr\/?s={search_term_string}"},"query-input":{"@type":"PropertyValueSpecification","valueRequired":true,"valueName":"search_term_string"}}],"inLanguage":"fr-FR"},{"@type":"Organization","@id":"https:\/\/agroclean.es\/fr\/#organization","name":"Agroclean","url":"https:\/\/agroclean.es\/fr\/","logo":{"@type":"ImageObject","inLanguage":"fr-FR","@id":"https:\/\/agroclean.es\/fr\/#\/schema\/logo\/image\/","url":"https:\/\/agroclean.es\/wp-content\/uploads\/2020\/12\/cropped-Inicio-agroclean-1.png","contentUrl":"https:\/\/agroclean.es\/wp-content\/uploads\/2020\/12\/cropped-Inicio-agroclean-1.png","width":284,"height":78,"caption":"Agroclean"},"image":{"@id":"https:\/\/agroclean.es\/fr\/#\/schema\/logo\/image\/"},"sameAs":["https:\/\/www.linkedin.com\/company\/agroclean-s-l\/"]}]}},"_links":{"self":[{"href":"https:\/\/agroclean.es\/fr\/wp-json\/wp\/v2\/product\/2797","targetHints":{"allow":["GET"]}}],"collection":[{"href":"https:\/\/agroclean.es\/fr\/wp-json\/wp\/v2\/product"}],"about":[{"href":"https:\/\/agroclean.es\/fr\/wp-json\/wp\/v2\/types\/product"}],"version-history":[{"count":0,"href":"https:\/\/agroclean.es\/fr\/wp-json\/wp\/v2\/product\/2797\/revisions"}],"wp:featuredmedia":[{"embeddable":true,"href":"https:\/\/agroclean.es\/fr\/wp-json\/wp\/v2\/media\/2799"}],"wp:attachment":[{"href":"https:\/\/agroclean.es\/fr\/wp-json\/wp\/v2\/media?parent=2797"}],"wp:term":[{"taxonomy":"product_brand","embeddable":true,"href":"https:\/\/agroclean.es\/fr\/wp-json\/wp\/v2\/product_brand?post=2797"},{"taxonomy":"product_cat","embeddable":true,"href":"https:\/\/agroclean.es\/fr\/wp-json\/wp\/v2\/product_cat?post=2797"},{"taxonomy":"product_tag","embeddable":true,"href":"https:\/\/agroclean.es\/fr\/wp-json\/wp\/v2\/product_tag?post=2797"}],"curies":[{"name":"wp","href":"https:\/\/api.w.org\/{rel}","templated":true}]}}