{"id":2766,"date":"2021-01-14T15:46:54","date_gmt":"2021-01-14T14:46:54","guid":{"rendered":"https:\/\/agroclean.es\/producto\/quelato-de-hierro-fe-6\/"},"modified":"2024-09-15T19:48:52","modified_gmt":"2024-09-15T17:48:52","slug":"quelato-de-hierro-fe-6","status":"publish","type":"product","link":"https:\/\/agroclean.es\/fr\/producto\/quelato-de-hierro-fe-6\/","title":{"rendered":"Quelato de hierro Fe-6"},"content":{"rendered":"<p>Correcteur en granul\u00e9s 100% solubles et dispersibles de carences en fer qui am\u00e9liore l\u2019assimilation du fer par la plante.<\/p>\n<table width=\"256\">\n<tbody>\n<tr>\n<td class=\"titulo\" width=\"93\">5 kg<\/td>\n<td class=\"titulo\" width=\"163\">1 kg<\/td>\n<\/tr>\n<tr>\n<td>11,52 \u20ac\/Kg<\/td>\n<td>12,31 \u20ac\/Kg<\/td>\n<\/tr>\n<tr>\n<td class=\"titulo\">5 kg (Palette (250 kg))<\/td>\n<\/tr>\n<tr>\n<td>9,79 \u20ac\/Kg<\/td>\n<td><\/td>\n<\/tr>\n<\/tbody>\n<\/table>\n<p><em>*\u00cates-vous un grand agriculteur, p\u00e9pini\u00e8re ou distributeur? Nous avons un autre tarif pour vous. Consultez notre rubrique \u201cGros volume et distributeurs\u201d<\/em><\/p>\n","protected":false},"excerpt":{"rendered":"<p>Produit soluble dans l\u2019eau obtenu par combinaison chimique de fer avec O-O EDDHSA.<\/p>\n","protected":false},"featured_media":2769,"template":"","meta":[],"product_brand":[],"product_cat":[73],"product_tag":[79],"class_list":{"0":"post-2766","1":"product","2":"type-product","3":"status-publish","4":"has-post-thumbnail","6":"product_cat-correcteur-de-carences","7":"product_tag-gamme-aminoclean","9":"first","10":"instock","11":"taxable","12":"shipping-taxable","13":"purchasable","14":"product-type-variable"},"yoast_head":"<!-- This site is optimized with the Yoast SEO plugin v27.2 - https:\/\/yoast.com\/product\/yoast-seo-wordpress\/ -->\n<title>Quelato de hierro Fe-6 - Correcteur de carences Agroclean<\/title>\n<meta name=\"description\" content=\"Produit soluble dans l\u2019eau obtenu par combinaison chimique de fer avec O-O EDDHSA.\" \/>\n<meta name=\"robots\" content=\"index, follow, max-snippet:-1, max-image-preview:large, max-video-preview:-1\" \/>\n<link rel=\"canonical\" href=\"https:\/\/agroclean.es\/fr\/producto\/quelato-de-hierro-fe-6\/\" \/>\n<meta property=\"og:locale\" content=\"fr_FR\" \/>\n<meta property=\"og:type\" content=\"article\" \/>\n<meta property=\"og:title\" content=\"Quelato de hierro Fe-6 - Correcteur de carences Agroclean\" \/>\n<meta property=\"og:description\" content=\"Produit soluble dans l\u2019eau obtenu par combinaison chimique de fer avec O-O EDDHSA.\" \/>\n<meta property=\"og:url\" content=\"https:\/\/agroclean.es\/fr\/producto\/quelato-de-hierro-fe-6\/\" \/>\n<meta property=\"og:site_name\" content=\"Agroclean\" \/>\n<meta property=\"article:modified_time\" content=\"2024-09-15T17:48:52+00:00\" \/>\n<meta property=\"og:image\" content=\"https:\/\/agroclean.es\/wp-content\/uploads\/2021\/01\/Montaje_fe-6_1Kg-y-5Kg.jpg\" \/>\n\t<meta property=\"og:image:width\" content=\"1400\" \/>\n\t<meta property=\"og:image:height\" content=\"1400\" \/>\n\t<meta property=\"og:image:type\" content=\"image\/jpeg\" \/>\n<meta name=\"twitter:card\" content=\"summary_large_image\" \/>\n<meta name=\"twitter:label1\" content=\"Dur\u00e9e de lecture estim\u00e9e\" \/>\n\t<meta name=\"twitter:data1\" content=\"1 minute\" \/>\n<script type=\"application\/ld+json\" class=\"yoast-schema-graph\">{\"@context\":\"https:\/\/schema.org\",\"@graph\":[{\"@type\":[\"WebPage\",\"ItemPage\"],\"@id\":\"https:\/\/agroclean.es\/fr\/producto\/quelato-de-hierro-fe-6\/\",\"url\":\"https:\/\/agroclean.es\/fr\/producto\/quelato-de-hierro-fe-6\/\",\"name\":\"Quelato de hierro Fe-6 - Correcteur de carences Agroclean\",\"isPartOf\":{\"@id\":\"https:\/\/agroclean.es\/fr\/#website\"},\"primaryImageOfPage\":{\"@id\":\"https:\/\/agroclean.es\/fr\/producto\/quelato-de-hierro-fe-6\/#primaryimage\"},\"image\":{\"@id\":\"https:\/\/agroclean.es\/fr\/producto\/quelato-de-hierro-fe-6\/#primaryimage\"},\"thumbnailUrl\":\"https:\/\/agroclean.es\/wp-content\/uploads\/2021\/01\/Montaje_fe-6_1Kg-y-5Kg.jpg\",\"datePublished\":\"2021-01-14T14:46:54+00:00\",\"dateModified\":\"2024-09-15T17:48:52+00:00\",\"description\":\"Produit soluble dans l\u2019eau obtenu par combinaison chimique de fer avec O-O EDDHSA.\",\"breadcrumb\":{\"@id\":\"https:\/\/agroclean.es\/fr\/producto\/quelato-de-hierro-fe-6\/#breadcrumb\"},\"inLanguage\":\"fr-FR\",\"potentialAction\":[{\"@type\":\"ReadAction\",\"target\":[\"https:\/\/agroclean.es\/fr\/producto\/quelato-de-hierro-fe-6\/\"]}]},{\"@type\":\"ImageObject\",\"inLanguage\":\"fr-FR\",\"@id\":\"https:\/\/agroclean.es\/fr\/producto\/quelato-de-hierro-fe-6\/#primaryimage\",\"url\":\"https:\/\/agroclean.es\/wp-content\/uploads\/2021\/01\/Montaje_fe-6_1Kg-y-5Kg.jpg\",\"contentUrl\":\"https:\/\/agroclean.es\/wp-content\/uploads\/2021\/01\/Montaje_fe-6_1Kg-y-5Kg.jpg\",\"width\":1400,\"height\":1400},{\"@type\":\"BreadcrumbList\",\"@id\":\"https:\/\/agroclean.es\/fr\/producto\/quelato-de-hierro-fe-6\/#breadcrumb\",\"itemListElement\":[{\"@type\":\"ListItem\",\"position\":1,\"name\":\"Portada\",\"item\":\"https:\/\/agroclean.es\/fr\/\"},{\"@type\":\"ListItem\",\"position\":2,\"name\":\"Produits\",\"item\":\"https:\/\/agroclean.es\/fr\/produits\/\"},{\"@type\":\"ListItem\",\"position\":3,\"name\":\"Quelato de hierro Fe-6\"}]},{\"@type\":\"WebSite\",\"@id\":\"https:\/\/agroclean.es\/fr\/#website\",\"url\":\"https:\/\/agroclean.es\/fr\/\",\"name\":\"Agroclean\",\"description\":\"Fabricantes de productos nutricionales para cultivos\",\"publisher\":{\"@id\":\"https:\/\/agroclean.es\/fr\/#organization\"},\"potentialAction\":[{\"@type\":\"SearchAction\",\"target\":{\"@type\":\"EntryPoint\",\"urlTemplate\":\"https:\/\/agroclean.es\/fr\/?s={search_term_string}\"},\"query-input\":{\"@type\":\"PropertyValueSpecification\",\"valueRequired\":true,\"valueName\":\"search_term_string\"}}],\"inLanguage\":\"fr-FR\"},{\"@type\":\"Organization\",\"@id\":\"https:\/\/agroclean.es\/fr\/#organization\",\"name\":\"Agroclean\",\"url\":\"https:\/\/agroclean.es\/fr\/\",\"logo\":{\"@type\":\"ImageObject\",\"inLanguage\":\"fr-FR\",\"@id\":\"https:\/\/agroclean.es\/fr\/#\/schema\/logo\/image\/\",\"url\":\"https:\/\/agroclean.es\/wp-content\/uploads\/2020\/12\/cropped-Inicio-agroclean-1.png\",\"contentUrl\":\"https:\/\/agroclean.es\/wp-content\/uploads\/2020\/12\/cropped-Inicio-agroclean-1.png\",\"width\":284,\"height\":78,\"caption\":\"Agroclean\"},\"image\":{\"@id\":\"https:\/\/agroclean.es\/fr\/#\/schema\/logo\/image\/\"},\"sameAs\":[\"https:\/\/www.linkedin.com\/company\/agroclean-s-l\/\"]}]}<\/script>\n<!-- \/ Yoast SEO plugin. -->","yoast_head_json":{"title":"Quelato de hierro Fe-6 - Correcteur de carences Agroclean","description":"Produit soluble dans l\u2019eau obtenu par combinaison chimique de fer avec O-O EDDHSA.","robots":{"index":"index","follow":"follow","max-snippet":"max-snippet:-1","max-image-preview":"max-image-preview:large","max-video-preview":"max-video-preview:-1"},"canonical":"https:\/\/agroclean.es\/fr\/producto\/quelato-de-hierro-fe-6\/","og_locale":"fr_FR","og_type":"article","og_title":"Quelato de hierro Fe-6 - Correcteur de carences Agroclean","og_description":"Produit soluble dans l\u2019eau obtenu par combinaison chimique de fer avec O-O EDDHSA.","og_url":"https:\/\/agroclean.es\/fr\/producto\/quelato-de-hierro-fe-6\/","og_site_name":"Agroclean","article_modified_time":"2024-09-15T17:48:52+00:00","og_image":[{"width":1400,"height":1400,"url":"https:\/\/agroclean.es\/wp-content\/uploads\/2021\/01\/Montaje_fe-6_1Kg-y-5Kg.jpg","type":"image\/jpeg"}],"twitter_card":"summary_large_image","twitter_misc":{"Dur\u00e9e de lecture estim\u00e9e":"1 minute"},"schema":{"@context":"https:\/\/schema.org","@graph":[{"@type":["WebPage","ItemPage"],"@id":"https:\/\/agroclean.es\/fr\/producto\/quelato-de-hierro-fe-6\/","url":"https:\/\/agroclean.es\/fr\/producto\/quelato-de-hierro-fe-6\/","name":"Quelato de hierro Fe-6 - Correcteur de carences Agroclean","isPartOf":{"@id":"https:\/\/agroclean.es\/fr\/#website"},"primaryImageOfPage":{"@id":"https:\/\/agroclean.es\/fr\/producto\/quelato-de-hierro-fe-6\/#primaryimage"},"image":{"@id":"https:\/\/agroclean.es\/fr\/producto\/quelato-de-hierro-fe-6\/#primaryimage"},"thumbnailUrl":"https:\/\/agroclean.es\/wp-content\/uploads\/2021\/01\/Montaje_fe-6_1Kg-y-5Kg.jpg","datePublished":"2021-01-14T14:46:54+00:00","dateModified":"2024-09-15T17:48:52+00:00","description":"Produit soluble dans l\u2019eau obtenu par combinaison chimique de fer avec O-O EDDHSA.","breadcrumb":{"@id":"https:\/\/agroclean.es\/fr\/producto\/quelato-de-hierro-fe-6\/#breadcrumb"},"inLanguage":"fr-FR","potentialAction":[{"@type":"ReadAction","target":["https:\/\/agroclean.es\/fr\/producto\/quelato-de-hierro-fe-6\/"]}]},{"@type":"ImageObject","inLanguage":"fr-FR","@id":"https:\/\/agroclean.es\/fr\/producto\/quelato-de-hierro-fe-6\/#primaryimage","url":"https:\/\/agroclean.es\/wp-content\/uploads\/2021\/01\/Montaje_fe-6_1Kg-y-5Kg.jpg","contentUrl":"https:\/\/agroclean.es\/wp-content\/uploads\/2021\/01\/Montaje_fe-6_1Kg-y-5Kg.jpg","width":1400,"height":1400},{"@type":"BreadcrumbList","@id":"https:\/\/agroclean.es\/fr\/producto\/quelato-de-hierro-fe-6\/#breadcrumb","itemListElement":[{"@type":"ListItem","position":1,"name":"Portada","item":"https:\/\/agroclean.es\/fr\/"},{"@type":"ListItem","position":2,"name":"Produits","item":"https:\/\/agroclean.es\/fr\/produits\/"},{"@type":"ListItem","position":3,"name":"Quelato de hierro Fe-6"}]},{"@type":"WebSite","@id":"https:\/\/agroclean.es\/fr\/#website","url":"https:\/\/agroclean.es\/fr\/","name":"Agroclean","description":"Fabricantes de productos nutricionales para cultivos","publisher":{"@id":"https:\/\/agroclean.es\/fr\/#organization"},"potentialAction":[{"@type":"SearchAction","target":{"@type":"EntryPoint","urlTemplate":"https:\/\/agroclean.es\/fr\/?s={search_term_string}"},"query-input":{"@type":"PropertyValueSpecification","valueRequired":true,"valueName":"search_term_string"}}],"inLanguage":"fr-FR"},{"@type":"Organization","@id":"https:\/\/agroclean.es\/fr\/#organization","name":"Agroclean","url":"https:\/\/agroclean.es\/fr\/","logo":{"@type":"ImageObject","inLanguage":"fr-FR","@id":"https:\/\/agroclean.es\/fr\/#\/schema\/logo\/image\/","url":"https:\/\/agroclean.es\/wp-content\/uploads\/2020\/12\/cropped-Inicio-agroclean-1.png","contentUrl":"https:\/\/agroclean.es\/wp-content\/uploads\/2020\/12\/cropped-Inicio-agroclean-1.png","width":284,"height":78,"caption":"Agroclean"},"image":{"@id":"https:\/\/agroclean.es\/fr\/#\/schema\/logo\/image\/"},"sameAs":["https:\/\/www.linkedin.com\/company\/agroclean-s-l\/"]}]}},"_links":{"self":[{"href":"https:\/\/agroclean.es\/fr\/wp-json\/wp\/v2\/product\/2766","targetHints":{"allow":["GET"]}}],"collection":[{"href":"https:\/\/agroclean.es\/fr\/wp-json\/wp\/v2\/product"}],"about":[{"href":"https:\/\/agroclean.es\/fr\/wp-json\/wp\/v2\/types\/product"}],"version-history":[{"count":0,"href":"https:\/\/agroclean.es\/fr\/wp-json\/wp\/v2\/product\/2766\/revisions"}],"wp:featuredmedia":[{"embeddable":true,"href":"https:\/\/agroclean.es\/fr\/wp-json\/wp\/v2\/media\/2769"}],"wp:attachment":[{"href":"https:\/\/agroclean.es\/fr\/wp-json\/wp\/v2\/media?parent=2766"}],"wp:term":[{"taxonomy":"product_brand","embeddable":true,"href":"https:\/\/agroclean.es\/fr\/wp-json\/wp\/v2\/product_brand?post=2766"},{"taxonomy":"product_cat","embeddable":true,"href":"https:\/\/agroclean.es\/fr\/wp-json\/wp\/v2\/product_cat?post=2766"},{"taxonomy":"product_tag","embeddable":true,"href":"https:\/\/agroclean.es\/fr\/wp-json\/wp\/v2\/product_tag?post=2766"}],"curies":[{"name":"wp","href":"https:\/\/api.w.org\/{rel}","templated":true}]}}