{"id":2759,"date":"2021-01-15T11:15:11","date_gmt":"2021-01-15T10:15:11","guid":{"rendered":"https:\/\/agroclean.es\/producto\/desplazante-de-sales\/"},"modified":"2023-11-24T09:20:18","modified_gmt":"2023-11-24T08:20:18","slug":"desplazante-de-sales","status":"publish","type":"product","link":"https:\/\/agroclean.es\/fr\/producto\/desplazante-de-sales\/","title":{"rendered":"Desplazante de sales"},"content":{"rendered":"<p>Correcteur de carences en calcium qui, gr\u00e2ce \u00e0 sa teneur en acides amin\u00e9s et autres composants, a la capacit\u00e9 d\u2019\u00e9changer les ions calcium par les ions sodium pr\u00e9sents dans le sol. Produit issu du m\u00e9lange de sel de calcium et d\u2019acides amin\u00e9s obtenus par hydrolyse acide de prot\u00e9ines v\u00e9g\u00e9tales.<\/p>\n<table width=\"497\">\n<tbody>\n<tr>\n<td class=\"titulo\" width=\"137\">IBC 1000 L<\/td>\n<td class=\"titulo\" width=\"178\">20 L<\/td>\n<td class=\"titulo\" width=\"182\">20 L (Palette (640L))<\/td>\n<\/tr>\n<tr>\n<td>1,92 \u20ac\/L<\/td>\n<td>2,41 \u20ac\/L<\/td>\n<td>2,05 \u20ac\/L<\/td>\n<\/tr>\n<\/tbody>\n<\/table>\n<p><em>*\u00cates-vous un grand agriculteur, p\u00e9pini\u00e8re ou distributeur? Nous avons un autre tarif pour vous. Consultez notre rubrique \u201cGros volume et distributeurs\u201d<\/em><\/p>\n","protected":false},"excerpt":{"rendered":"<p>Engrais de m\u00e9lange d\u2019acides amin\u00e9s avec du calcium.<\/p>\n","protected":false},"featured_media":2762,"template":"","meta":[],"product_brand":[],"product_cat":[71],"product_tag":[79],"class_list":{"0":"post-2759","1":"product","2":"type-product","3":"status-publish","4":"has-post-thumbnail","6":"product_cat-conditionneur-de-sol","7":"product_tag-gamme-aminoclean","9":"first","10":"instock","11":"taxable","12":"shipping-taxable","13":"purchasable","14":"product-type-variable"},"yoast_head":"<!-- This site is optimized with the Yoast SEO plugin v27.2 - https:\/\/yoast.com\/product\/yoast-seo-wordpress\/ -->\n<title>Desplazante de sales - Agroclean<\/title>\n<meta name=\"description\" content=\"Engrais de m\u00e9lange d\u2019acides amin\u00e9s avec du calcium.\" \/>\n<meta name=\"robots\" content=\"index, follow, max-snippet:-1, max-image-preview:large, max-video-preview:-1\" \/>\n<link rel=\"canonical\" href=\"https:\/\/agroclean.es\/fr\/producto\/desplazante-de-sales\/\" \/>\n<meta property=\"og:locale\" content=\"fr_FR\" \/>\n<meta property=\"og:type\" content=\"article\" \/>\n<meta property=\"og:title\" content=\"Desplazante de sales - Agroclean\" \/>\n<meta property=\"og:description\" content=\"Engrais de m\u00e9lange d\u2019acides amin\u00e9s avec du calcium.\" \/>\n<meta property=\"og:url\" content=\"https:\/\/agroclean.es\/fr\/producto\/desplazante-de-sales\/\" \/>\n<meta property=\"og:site_name\" content=\"Agroclean\" \/>\n<meta property=\"article:modified_time\" content=\"2023-11-24T08:20:18+00:00\" \/>\n<meta property=\"og:image\" content=\"https:\/\/agroclean.es\/wp-content\/uploads\/2021\/01\/desplazante-sales_20L_frontal.jpg\" \/>\n\t<meta property=\"og:image:width\" content=\"1400\" \/>\n\t<meta property=\"og:image:height\" content=\"1400\" \/>\n\t<meta property=\"og:image:type\" content=\"image\/jpeg\" \/>\n<meta name=\"twitter:card\" content=\"summary_large_image\" \/>\n<script type=\"application\/ld+json\" class=\"yoast-schema-graph\">{\"@context\":\"https:\/\/schema.org\",\"@graph\":[{\"@type\":[\"WebPage\",\"ItemPage\"],\"@id\":\"https:\/\/agroclean.es\/fr\/producto\/desplazante-de-sales\/\",\"url\":\"https:\/\/agroclean.es\/fr\/producto\/desplazante-de-sales\/\",\"name\":\"Desplazante de sales - Agroclean\",\"isPartOf\":{\"@id\":\"https:\/\/agroclean.es\/fr\/#website\"},\"primaryImageOfPage\":{\"@id\":\"https:\/\/agroclean.es\/fr\/producto\/desplazante-de-sales\/#primaryimage\"},\"image\":{\"@id\":\"https:\/\/agroclean.es\/fr\/producto\/desplazante-de-sales\/#primaryimage\"},\"thumbnailUrl\":\"https:\/\/agroclean.es\/wp-content\/uploads\/2021\/01\/desplazante-sales_20L_frontal.jpg\",\"datePublished\":\"2021-01-15T10:15:11+00:00\",\"dateModified\":\"2023-11-24T08:20:18+00:00\",\"description\":\"Engrais de m\u00e9lange d\u2019acides amin\u00e9s avec du calcium.\",\"breadcrumb\":{\"@id\":\"https:\/\/agroclean.es\/fr\/producto\/desplazante-de-sales\/#breadcrumb\"},\"inLanguage\":\"fr-FR\",\"potentialAction\":[{\"@type\":\"ReadAction\",\"target\":[\"https:\/\/agroclean.es\/fr\/producto\/desplazante-de-sales\/\"]}]},{\"@type\":\"ImageObject\",\"inLanguage\":\"fr-FR\",\"@id\":\"https:\/\/agroclean.es\/fr\/producto\/desplazante-de-sales\/#primaryimage\",\"url\":\"https:\/\/agroclean.es\/wp-content\/uploads\/2021\/01\/desplazante-sales_20L_frontal.jpg\",\"contentUrl\":\"https:\/\/agroclean.es\/wp-content\/uploads\/2021\/01\/desplazante-sales_20L_frontal.jpg\",\"width\":1400,\"height\":1400},{\"@type\":\"BreadcrumbList\",\"@id\":\"https:\/\/agroclean.es\/fr\/producto\/desplazante-de-sales\/#breadcrumb\",\"itemListElement\":[{\"@type\":\"ListItem\",\"position\":1,\"name\":\"Portada\",\"item\":\"https:\/\/agroclean.es\/fr\/\"},{\"@type\":\"ListItem\",\"position\":2,\"name\":\"Produits\",\"item\":\"https:\/\/agroclean.es\/fr\/produits\/\"},{\"@type\":\"ListItem\",\"position\":3,\"name\":\"Desplazante de sales\"}]},{\"@type\":\"WebSite\",\"@id\":\"https:\/\/agroclean.es\/fr\/#website\",\"url\":\"https:\/\/agroclean.es\/fr\/\",\"name\":\"Agroclean\",\"description\":\"Fabricantes de productos nutricionales para cultivos\",\"publisher\":{\"@id\":\"https:\/\/agroclean.es\/fr\/#organization\"},\"potentialAction\":[{\"@type\":\"SearchAction\",\"target\":{\"@type\":\"EntryPoint\",\"urlTemplate\":\"https:\/\/agroclean.es\/fr\/?s={search_term_string}\"},\"query-input\":{\"@type\":\"PropertyValueSpecification\",\"valueRequired\":true,\"valueName\":\"search_term_string\"}}],\"inLanguage\":\"fr-FR\"},{\"@type\":\"Organization\",\"@id\":\"https:\/\/agroclean.es\/fr\/#organization\",\"name\":\"Agroclean\",\"url\":\"https:\/\/agroclean.es\/fr\/\",\"logo\":{\"@type\":\"ImageObject\",\"inLanguage\":\"fr-FR\",\"@id\":\"https:\/\/agroclean.es\/fr\/#\/schema\/logo\/image\/\",\"url\":\"https:\/\/agroclean.es\/wp-content\/uploads\/2020\/12\/cropped-Inicio-agroclean-1.png\",\"contentUrl\":\"https:\/\/agroclean.es\/wp-content\/uploads\/2020\/12\/cropped-Inicio-agroclean-1.png\",\"width\":284,\"height\":78,\"caption\":\"Agroclean\"},\"image\":{\"@id\":\"https:\/\/agroclean.es\/fr\/#\/schema\/logo\/image\/\"},\"sameAs\":[\"https:\/\/www.linkedin.com\/company\/agroclean-s-l\/\"]}]}<\/script>\n<!-- \/ Yoast SEO plugin. -->","yoast_head_json":{"title":"Desplazante de sales - Agroclean","description":"Engrais de m\u00e9lange d\u2019acides amin\u00e9s avec du calcium.","robots":{"index":"index","follow":"follow","max-snippet":"max-snippet:-1","max-image-preview":"max-image-preview:large","max-video-preview":"max-video-preview:-1"},"canonical":"https:\/\/agroclean.es\/fr\/producto\/desplazante-de-sales\/","og_locale":"fr_FR","og_type":"article","og_title":"Desplazante de sales - Agroclean","og_description":"Engrais de m\u00e9lange d\u2019acides amin\u00e9s avec du calcium.","og_url":"https:\/\/agroclean.es\/fr\/producto\/desplazante-de-sales\/","og_site_name":"Agroclean","article_modified_time":"2023-11-24T08:20:18+00:00","og_image":[{"width":1400,"height":1400,"url":"https:\/\/agroclean.es\/wp-content\/uploads\/2021\/01\/desplazante-sales_20L_frontal.jpg","type":"image\/jpeg"}],"twitter_card":"summary_large_image","schema":{"@context":"https:\/\/schema.org","@graph":[{"@type":["WebPage","ItemPage"],"@id":"https:\/\/agroclean.es\/fr\/producto\/desplazante-de-sales\/","url":"https:\/\/agroclean.es\/fr\/producto\/desplazante-de-sales\/","name":"Desplazante de sales - Agroclean","isPartOf":{"@id":"https:\/\/agroclean.es\/fr\/#website"},"primaryImageOfPage":{"@id":"https:\/\/agroclean.es\/fr\/producto\/desplazante-de-sales\/#primaryimage"},"image":{"@id":"https:\/\/agroclean.es\/fr\/producto\/desplazante-de-sales\/#primaryimage"},"thumbnailUrl":"https:\/\/agroclean.es\/wp-content\/uploads\/2021\/01\/desplazante-sales_20L_frontal.jpg","datePublished":"2021-01-15T10:15:11+00:00","dateModified":"2023-11-24T08:20:18+00:00","description":"Engrais de m\u00e9lange d\u2019acides amin\u00e9s avec du calcium.","breadcrumb":{"@id":"https:\/\/agroclean.es\/fr\/producto\/desplazante-de-sales\/#breadcrumb"},"inLanguage":"fr-FR","potentialAction":[{"@type":"ReadAction","target":["https:\/\/agroclean.es\/fr\/producto\/desplazante-de-sales\/"]}]},{"@type":"ImageObject","inLanguage":"fr-FR","@id":"https:\/\/agroclean.es\/fr\/producto\/desplazante-de-sales\/#primaryimage","url":"https:\/\/agroclean.es\/wp-content\/uploads\/2021\/01\/desplazante-sales_20L_frontal.jpg","contentUrl":"https:\/\/agroclean.es\/wp-content\/uploads\/2021\/01\/desplazante-sales_20L_frontal.jpg","width":1400,"height":1400},{"@type":"BreadcrumbList","@id":"https:\/\/agroclean.es\/fr\/producto\/desplazante-de-sales\/#breadcrumb","itemListElement":[{"@type":"ListItem","position":1,"name":"Portada","item":"https:\/\/agroclean.es\/fr\/"},{"@type":"ListItem","position":2,"name":"Produits","item":"https:\/\/agroclean.es\/fr\/produits\/"},{"@type":"ListItem","position":3,"name":"Desplazante de sales"}]},{"@type":"WebSite","@id":"https:\/\/agroclean.es\/fr\/#website","url":"https:\/\/agroclean.es\/fr\/","name":"Agroclean","description":"Fabricantes de productos nutricionales para cultivos","publisher":{"@id":"https:\/\/agroclean.es\/fr\/#organization"},"potentialAction":[{"@type":"SearchAction","target":{"@type":"EntryPoint","urlTemplate":"https:\/\/agroclean.es\/fr\/?s={search_term_string}"},"query-input":{"@type":"PropertyValueSpecification","valueRequired":true,"valueName":"search_term_string"}}],"inLanguage":"fr-FR"},{"@type":"Organization","@id":"https:\/\/agroclean.es\/fr\/#organization","name":"Agroclean","url":"https:\/\/agroclean.es\/fr\/","logo":{"@type":"ImageObject","inLanguage":"fr-FR","@id":"https:\/\/agroclean.es\/fr\/#\/schema\/logo\/image\/","url":"https:\/\/agroclean.es\/wp-content\/uploads\/2020\/12\/cropped-Inicio-agroclean-1.png","contentUrl":"https:\/\/agroclean.es\/wp-content\/uploads\/2020\/12\/cropped-Inicio-agroclean-1.png","width":284,"height":78,"caption":"Agroclean"},"image":{"@id":"https:\/\/agroclean.es\/fr\/#\/schema\/logo\/image\/"},"sameAs":["https:\/\/www.linkedin.com\/company\/agroclean-s-l\/"]}]}},"_links":{"self":[{"href":"https:\/\/agroclean.es\/fr\/wp-json\/wp\/v2\/product\/2759","targetHints":{"allow":["GET"]}}],"collection":[{"href":"https:\/\/agroclean.es\/fr\/wp-json\/wp\/v2\/product"}],"about":[{"href":"https:\/\/agroclean.es\/fr\/wp-json\/wp\/v2\/types\/product"}],"version-history":[{"count":0,"href":"https:\/\/agroclean.es\/fr\/wp-json\/wp\/v2\/product\/2759\/revisions"}],"wp:featuredmedia":[{"embeddable":true,"href":"https:\/\/agroclean.es\/fr\/wp-json\/wp\/v2\/media\/2762"}],"wp:attachment":[{"href":"https:\/\/agroclean.es\/fr\/wp-json\/wp\/v2\/media?parent=2759"}],"wp:term":[{"taxonomy":"product_brand","embeddable":true,"href":"https:\/\/agroclean.es\/fr\/wp-json\/wp\/v2\/product_brand?post=2759"},{"taxonomy":"product_cat","embeddable":true,"href":"https:\/\/agroclean.es\/fr\/wp-json\/wp\/v2\/product_cat?post=2759"},{"taxonomy":"product_tag","embeddable":true,"href":"https:\/\/agroclean.es\/fr\/wp-json\/wp\/v2\/product_tag?post=2759"}],"curies":[{"name":"wp","href":"https:\/\/api.w.org\/{rel}","templated":true}]}}