{"id":2737,"date":"2021-01-15T11:06:40","date_gmt":"2021-01-15T10:06:40","guid":{"rendered":"https:\/\/agroclean.es\/producto\/ca-10-b-02\/"},"modified":"2024-09-15T19:48:38","modified_gmt":"2024-09-15T17:48:38","slug":"ca-10-b-02","status":"publish","type":"product","link":"https:\/\/agroclean.es\/fr\/producto\/ca-10-b-02\/","title":{"rendered":"Ca-10 B-02"},"content":{"rendered":"<p>Correcteur liquide de carences en calcium formul\u00e9 avec du bore et des acides amin\u00e9s qui favorisent son action, en am\u00e9liorant la consistance des fruits, en diminuant la tendance \u00e0 l\u2019\u00e9clatement de ces fruits et en \u00e9vitant les sympt\u00f4mes d\u00e9riv\u00e9s de la carence en calcium.<\/p>\n<table width=\"432\">\n<tbody>\n<tr>\n<td class=\"titulo\" width=\"137\">IBC 1000 L<\/td>\n<td class=\"titulo\" width=\"115\">20 L<\/td>\n<td class=\"titulo\" width=\"180\">20 L (Palette (640L))<\/td>\n<\/tr>\n<tr>\n<td>2,83 \u20ac\/L<\/td>\n<td>3,46 \u20ac\/L<\/td>\n<td>2,94 \u20ac\/L<\/td>\n<\/tr>\n<\/tbody>\n<\/table>\n<p><em>*\u00cates-vous un grand agriculteur, p\u00e9pini\u00e8re ou distributeur? Nous avons un autre tarif pour vous. Consultez notre rubrique \u201cGros volume et distributeurs\u201d<\/em><\/p>\n","protected":false},"excerpt":{"rendered":"<p>M\u00e9lange d\u2019acides amin\u00e9s avec du ch\u00e9late de calcium.<\/p>\n","protected":false},"featured_media":2738,"template":"","meta":[],"product_brand":[],"product_cat":[73],"product_tag":[79],"class_list":{"0":"post-2737","1":"product","2":"type-product","3":"status-publish","4":"has-post-thumbnail","6":"product_cat-correcteur-de-carences","7":"product_tag-gamme-aminoclean","9":"first","10":"instock","11":"featured","12":"taxable","13":"shipping-taxable","14":"purchasable","15":"product-type-variable"},"yoast_head":"<!-- This site is optimized with the Yoast SEO plugin v27.2 - https:\/\/yoast.com\/product\/yoast-seo-wordpress\/ -->\n<title>Ca-10 B-02 - Correcteur de carences Agroclean<\/title>\n<meta name=\"description\" content=\"M\u00e9lange d\u2019acides amin\u00e9s avec du ch\u00e9late de calcium.\" \/>\n<meta name=\"robots\" content=\"index, follow, max-snippet:-1, max-image-preview:large, max-video-preview:-1\" \/>\n<link rel=\"canonical\" href=\"https:\/\/agroclean.es\/fr\/producto\/ca-10-b-02\/\" \/>\n<meta property=\"og:locale\" content=\"fr_FR\" \/>\n<meta property=\"og:type\" content=\"article\" \/>\n<meta property=\"og:title\" content=\"Ca-10 B-02 - Correcteur de carences Agroclean\" \/>\n<meta property=\"og:description\" content=\"M\u00e9lange d\u2019acides amin\u00e9s avec du ch\u00e9late de calcium.\" \/>\n<meta property=\"og:url\" content=\"https:\/\/agroclean.es\/fr\/producto\/ca-10-b-02\/\" \/>\n<meta property=\"og:site_name\" content=\"Agroclean\" \/>\n<meta property=\"article:modified_time\" content=\"2024-09-15T17:48:38+00:00\" \/>\n<meta property=\"og:image\" content=\"https:\/\/agroclean.es\/wp-content\/uploads\/2021\/01\/ca10b02_20L_frontal.jpg\" \/>\n\t<meta property=\"og:image:width\" content=\"1400\" \/>\n\t<meta property=\"og:image:height\" content=\"1400\" \/>\n\t<meta property=\"og:image:type\" content=\"image\/jpeg\" \/>\n<meta name=\"twitter:card\" content=\"summary_large_image\" \/>\n<meta name=\"twitter:label1\" content=\"Dur\u00e9e de lecture estim\u00e9e\" \/>\n\t<meta name=\"twitter:data1\" content=\"1 minute\" \/>\n<script type=\"application\/ld+json\" class=\"yoast-schema-graph\">{\"@context\":\"https:\/\/schema.org\",\"@graph\":[{\"@type\":[\"WebPage\",\"ItemPage\"],\"@id\":\"https:\/\/agroclean.es\/fr\/producto\/ca-10-b-02\/\",\"url\":\"https:\/\/agroclean.es\/fr\/producto\/ca-10-b-02\/\",\"name\":\"Ca-10 B-02 - Correcteur de carences Agroclean\",\"isPartOf\":{\"@id\":\"https:\/\/agroclean.es\/fr\/#website\"},\"primaryImageOfPage\":{\"@id\":\"https:\/\/agroclean.es\/fr\/producto\/ca-10-b-02\/#primaryimage\"},\"image\":{\"@id\":\"https:\/\/agroclean.es\/fr\/producto\/ca-10-b-02\/#primaryimage\"},\"thumbnailUrl\":\"https:\/\/agroclean.es\/wp-content\/uploads\/2021\/01\/ca10b02_20L_frontal.jpg\",\"datePublished\":\"2021-01-15T10:06:40+00:00\",\"dateModified\":\"2024-09-15T17:48:38+00:00\",\"description\":\"M\u00e9lange d\u2019acides amin\u00e9s avec du ch\u00e9late de calcium.\",\"breadcrumb\":{\"@id\":\"https:\/\/agroclean.es\/fr\/producto\/ca-10-b-02\/#breadcrumb\"},\"inLanguage\":\"fr-FR\",\"potentialAction\":[{\"@type\":\"ReadAction\",\"target\":[\"https:\/\/agroclean.es\/fr\/producto\/ca-10-b-02\/\"]}]},{\"@type\":\"ImageObject\",\"inLanguage\":\"fr-FR\",\"@id\":\"https:\/\/agroclean.es\/fr\/producto\/ca-10-b-02\/#primaryimage\",\"url\":\"https:\/\/agroclean.es\/wp-content\/uploads\/2021\/01\/ca10b02_20L_frontal.jpg\",\"contentUrl\":\"https:\/\/agroclean.es\/wp-content\/uploads\/2021\/01\/ca10b02_20L_frontal.jpg\",\"width\":1400,\"height\":1400},{\"@type\":\"BreadcrumbList\",\"@id\":\"https:\/\/agroclean.es\/fr\/producto\/ca-10-b-02\/#breadcrumb\",\"itemListElement\":[{\"@type\":\"ListItem\",\"position\":1,\"name\":\"Portada\",\"item\":\"https:\/\/agroclean.es\/fr\/\"},{\"@type\":\"ListItem\",\"position\":2,\"name\":\"Produits\",\"item\":\"https:\/\/agroclean.es\/fr\/produits\/\"},{\"@type\":\"ListItem\",\"position\":3,\"name\":\"Ca-10 B-02\"}]},{\"@type\":\"WebSite\",\"@id\":\"https:\/\/agroclean.es\/fr\/#website\",\"url\":\"https:\/\/agroclean.es\/fr\/\",\"name\":\"Agroclean\",\"description\":\"Fabricantes de productos nutricionales para cultivos\",\"publisher\":{\"@id\":\"https:\/\/agroclean.es\/fr\/#organization\"},\"potentialAction\":[{\"@type\":\"SearchAction\",\"target\":{\"@type\":\"EntryPoint\",\"urlTemplate\":\"https:\/\/agroclean.es\/fr\/?s={search_term_string}\"},\"query-input\":{\"@type\":\"PropertyValueSpecification\",\"valueRequired\":true,\"valueName\":\"search_term_string\"}}],\"inLanguage\":\"fr-FR\"},{\"@type\":\"Organization\",\"@id\":\"https:\/\/agroclean.es\/fr\/#organization\",\"name\":\"Agroclean\",\"url\":\"https:\/\/agroclean.es\/fr\/\",\"logo\":{\"@type\":\"ImageObject\",\"inLanguage\":\"fr-FR\",\"@id\":\"https:\/\/agroclean.es\/fr\/#\/schema\/logo\/image\/\",\"url\":\"https:\/\/agroclean.es\/wp-content\/uploads\/2020\/12\/cropped-Inicio-agroclean-1.png\",\"contentUrl\":\"https:\/\/agroclean.es\/wp-content\/uploads\/2020\/12\/cropped-Inicio-agroclean-1.png\",\"width\":284,\"height\":78,\"caption\":\"Agroclean\"},\"image\":{\"@id\":\"https:\/\/agroclean.es\/fr\/#\/schema\/logo\/image\/\"},\"sameAs\":[\"https:\/\/www.linkedin.com\/company\/agroclean-s-l\/\"]}]}<\/script>\n<!-- \/ Yoast SEO plugin. -->","yoast_head_json":{"title":"Ca-10 B-02 - Correcteur de carences Agroclean","description":"M\u00e9lange d\u2019acides amin\u00e9s avec du ch\u00e9late de calcium.","robots":{"index":"index","follow":"follow","max-snippet":"max-snippet:-1","max-image-preview":"max-image-preview:large","max-video-preview":"max-video-preview:-1"},"canonical":"https:\/\/agroclean.es\/fr\/producto\/ca-10-b-02\/","og_locale":"fr_FR","og_type":"article","og_title":"Ca-10 B-02 - Correcteur de carences Agroclean","og_description":"M\u00e9lange d\u2019acides amin\u00e9s avec du ch\u00e9late de calcium.","og_url":"https:\/\/agroclean.es\/fr\/producto\/ca-10-b-02\/","og_site_name":"Agroclean","article_modified_time":"2024-09-15T17:48:38+00:00","og_image":[{"width":1400,"height":1400,"url":"https:\/\/agroclean.es\/wp-content\/uploads\/2021\/01\/ca10b02_20L_frontal.jpg","type":"image\/jpeg"}],"twitter_card":"summary_large_image","twitter_misc":{"Dur\u00e9e de lecture estim\u00e9e":"1 minute"},"schema":{"@context":"https:\/\/schema.org","@graph":[{"@type":["WebPage","ItemPage"],"@id":"https:\/\/agroclean.es\/fr\/producto\/ca-10-b-02\/","url":"https:\/\/agroclean.es\/fr\/producto\/ca-10-b-02\/","name":"Ca-10 B-02 - Correcteur de carences Agroclean","isPartOf":{"@id":"https:\/\/agroclean.es\/fr\/#website"},"primaryImageOfPage":{"@id":"https:\/\/agroclean.es\/fr\/producto\/ca-10-b-02\/#primaryimage"},"image":{"@id":"https:\/\/agroclean.es\/fr\/producto\/ca-10-b-02\/#primaryimage"},"thumbnailUrl":"https:\/\/agroclean.es\/wp-content\/uploads\/2021\/01\/ca10b02_20L_frontal.jpg","datePublished":"2021-01-15T10:06:40+00:00","dateModified":"2024-09-15T17:48:38+00:00","description":"M\u00e9lange d\u2019acides amin\u00e9s avec du ch\u00e9late de calcium.","breadcrumb":{"@id":"https:\/\/agroclean.es\/fr\/producto\/ca-10-b-02\/#breadcrumb"},"inLanguage":"fr-FR","potentialAction":[{"@type":"ReadAction","target":["https:\/\/agroclean.es\/fr\/producto\/ca-10-b-02\/"]}]},{"@type":"ImageObject","inLanguage":"fr-FR","@id":"https:\/\/agroclean.es\/fr\/producto\/ca-10-b-02\/#primaryimage","url":"https:\/\/agroclean.es\/wp-content\/uploads\/2021\/01\/ca10b02_20L_frontal.jpg","contentUrl":"https:\/\/agroclean.es\/wp-content\/uploads\/2021\/01\/ca10b02_20L_frontal.jpg","width":1400,"height":1400},{"@type":"BreadcrumbList","@id":"https:\/\/agroclean.es\/fr\/producto\/ca-10-b-02\/#breadcrumb","itemListElement":[{"@type":"ListItem","position":1,"name":"Portada","item":"https:\/\/agroclean.es\/fr\/"},{"@type":"ListItem","position":2,"name":"Produits","item":"https:\/\/agroclean.es\/fr\/produits\/"},{"@type":"ListItem","position":3,"name":"Ca-10 B-02"}]},{"@type":"WebSite","@id":"https:\/\/agroclean.es\/fr\/#website","url":"https:\/\/agroclean.es\/fr\/","name":"Agroclean","description":"Fabricantes de productos nutricionales para cultivos","publisher":{"@id":"https:\/\/agroclean.es\/fr\/#organization"},"potentialAction":[{"@type":"SearchAction","target":{"@type":"EntryPoint","urlTemplate":"https:\/\/agroclean.es\/fr\/?s={search_term_string}"},"query-input":{"@type":"PropertyValueSpecification","valueRequired":true,"valueName":"search_term_string"}}],"inLanguage":"fr-FR"},{"@type":"Organization","@id":"https:\/\/agroclean.es\/fr\/#organization","name":"Agroclean","url":"https:\/\/agroclean.es\/fr\/","logo":{"@type":"ImageObject","inLanguage":"fr-FR","@id":"https:\/\/agroclean.es\/fr\/#\/schema\/logo\/image\/","url":"https:\/\/agroclean.es\/wp-content\/uploads\/2020\/12\/cropped-Inicio-agroclean-1.png","contentUrl":"https:\/\/agroclean.es\/wp-content\/uploads\/2020\/12\/cropped-Inicio-agroclean-1.png","width":284,"height":78,"caption":"Agroclean"},"image":{"@id":"https:\/\/agroclean.es\/fr\/#\/schema\/logo\/image\/"},"sameAs":["https:\/\/www.linkedin.com\/company\/agroclean-s-l\/"]}]}},"_links":{"self":[{"href":"https:\/\/agroclean.es\/fr\/wp-json\/wp\/v2\/product\/2737","targetHints":{"allow":["GET"]}}],"collection":[{"href":"https:\/\/agroclean.es\/fr\/wp-json\/wp\/v2\/product"}],"about":[{"href":"https:\/\/agroclean.es\/fr\/wp-json\/wp\/v2\/types\/product"}],"version-history":[{"count":0,"href":"https:\/\/agroclean.es\/fr\/wp-json\/wp\/v2\/product\/2737\/revisions"}],"wp:featuredmedia":[{"embeddable":true,"href":"https:\/\/agroclean.es\/fr\/wp-json\/wp\/v2\/media\/2738"}],"wp:attachment":[{"href":"https:\/\/agroclean.es\/fr\/wp-json\/wp\/v2\/media?parent=2737"}],"wp:term":[{"taxonomy":"product_brand","embeddable":true,"href":"https:\/\/agroclean.es\/fr\/wp-json\/wp\/v2\/product_brand?post=2737"},{"taxonomy":"product_cat","embeddable":true,"href":"https:\/\/agroclean.es\/fr\/wp-json\/wp\/v2\/product_cat?post=2737"},{"taxonomy":"product_tag","embeddable":true,"href":"https:\/\/agroclean.es\/fr\/wp-json\/wp\/v2\/product_tag?post=2737"}],"curies":[{"name":"wp","href":"https:\/\/api.w.org\/{rel}","templated":true}]}}