{"id":2693,"date":"2021-01-15T12:52:11","date_gmt":"2021-01-15T11:52:11","guid":{"rendered":"https:\/\/agroclean.es\/producto\/tropic\/"},"modified":"2024-09-12T11:56:08","modified_gmt":"2024-09-12T09:56:08","slug":"tropic","status":"publish","type":"product","link":"https:\/\/agroclean.es\/fr\/producto\/tropic\/","title":{"rendered":"Tropic"},"content":{"rendered":"<p>Engrais de m\u00e9lange d\u2019acides amin\u00e9s qui, gr\u00e2ce \u00e0 sa teneur \u00e9lev\u00e9e en potassium \u00e0 assimilation rapide par la plante et \u00e0 sa teneur en m\u00e9thionine, font de cette pr\u00e9paration un fabuleux produit pour am\u00e9liorer le m\u00fbrissement du fruit.<\/p>\n<table width=\"365\">\n<tbody>\n<tr>\n<td class=\"titulo\" width=\"187\">20 L<\/td>\n<td class=\"titulo\" width=\"178\">5 L<\/td>\n<\/tr>\n<tr>\n<td>12,29 \u20ac\/L<\/td>\n<td>13,39 \u20ac\/L<\/td>\n<\/tr>\n<tr>\n<td class=\"titulo\">20 L (Palette (640 L))<\/td>\n<td class=\"titulo\">5 L (Palette (320 L))<\/td>\n<\/tr>\n<tr>\n<td>10,44 \u20ac\/L<\/td>\n<td>11,38 \u20ac\/L<\/td>\n<\/tr>\n<\/tbody>\n<\/table>\n<p><em>*\u00cates-vous un grand agriculteur, p\u00e9pini\u00e8re ou distributeur? Nous avons un autre tarif pour vous. Consultez notre rubrique \u201cGros volume et distributeurs\u201d<\/em><\/p>\n","protected":false},"excerpt":{"rendered":"<p>Le meilleur m\u00fbrissement et grossissement pour votre culture.<\/p>\n","protected":false},"featured_media":2696,"template":"","meta":[],"product_brand":[],"product_cat":[75],"product_tag":[80],"class_list":{"0":"post-2693","1":"product","2":"type-product","3":"status-publish","4":"has-post-thumbnail","6":"product_cat-grossissement-et-murissement","7":"product_tag-gamme-premium","9":"first","10":"instock","11":"featured","12":"taxable","13":"shipping-taxable","14":"purchasable","15":"product-type-variable"},"yoast_head":"<!-- This site is optimized with the Yoast SEO plugin v27.2 - https:\/\/yoast.com\/product\/yoast-seo-wordpress\/ -->\n<title>Tropic - Grossissement et m\u00fbrissementAgroclean<\/title>\n<meta name=\"description\" content=\"Le meilleur m\u00fbrissement et grossissement pour votre culture.\" \/>\n<meta name=\"robots\" content=\"index, follow, max-snippet:-1, max-image-preview:large, max-video-preview:-1\" \/>\n<link rel=\"canonical\" href=\"https:\/\/agroclean.es\/fr\/producto\/tropic\/\" \/>\n<meta property=\"og:locale\" content=\"fr_FR\" \/>\n<meta property=\"og:type\" content=\"article\" \/>\n<meta property=\"og:title\" content=\"Tropic - Grossissement et m\u00fbrissementAgroclean\" \/>\n<meta property=\"og:description\" content=\"Le meilleur m\u00fbrissement et grossissement pour votre culture.\" \/>\n<meta property=\"og:url\" content=\"https:\/\/agroclean.es\/fr\/producto\/tropic\/\" \/>\n<meta property=\"og:site_name\" content=\"Agroclean\" \/>\n<meta property=\"article:modified_time\" content=\"2024-09-12T09:56:08+00:00\" \/>\n<meta property=\"og:image\" content=\"https:\/\/agroclean.es\/wp-content\/uploads\/2021\/01\/tropic_20L-y-5L.jpg\" \/>\n\t<meta property=\"og:image:width\" content=\"1400\" \/>\n\t<meta property=\"og:image:height\" content=\"1400\" \/>\n\t<meta property=\"og:image:type\" content=\"image\/jpeg\" \/>\n<meta name=\"twitter:card\" content=\"summary_large_image\" \/>\n<meta name=\"twitter:label1\" content=\"Dur\u00e9e de lecture estim\u00e9e\" \/>\n\t<meta name=\"twitter:data1\" content=\"1 minute\" \/>\n<script type=\"application\/ld+json\" class=\"yoast-schema-graph\">{\"@context\":\"https:\/\/schema.org\",\"@graph\":[{\"@type\":[\"WebPage\",\"ItemPage\"],\"@id\":\"https:\/\/agroclean.es\/fr\/producto\/tropic\/\",\"url\":\"https:\/\/agroclean.es\/fr\/producto\/tropic\/\",\"name\":\"Tropic - Grossissement et m\u00fbrissementAgroclean\",\"isPartOf\":{\"@id\":\"https:\/\/agroclean.es\/fr\/#website\"},\"primaryImageOfPage\":{\"@id\":\"https:\/\/agroclean.es\/fr\/producto\/tropic\/#primaryimage\"},\"image\":{\"@id\":\"https:\/\/agroclean.es\/fr\/producto\/tropic\/#primaryimage\"},\"thumbnailUrl\":\"https:\/\/agroclean.es\/wp-content\/uploads\/2021\/01\/tropic_20L-y-5L.jpg\",\"datePublished\":\"2021-01-15T11:52:11+00:00\",\"dateModified\":\"2024-09-12T09:56:08+00:00\",\"description\":\"Le meilleur m\u00fbrissement et grossissement pour votre culture.\",\"breadcrumb\":{\"@id\":\"https:\/\/agroclean.es\/fr\/producto\/tropic\/#breadcrumb\"},\"inLanguage\":\"fr-FR\",\"potentialAction\":[{\"@type\":\"ReadAction\",\"target\":[\"https:\/\/agroclean.es\/fr\/producto\/tropic\/\"]}]},{\"@type\":\"ImageObject\",\"inLanguage\":\"fr-FR\",\"@id\":\"https:\/\/agroclean.es\/fr\/producto\/tropic\/#primaryimage\",\"url\":\"https:\/\/agroclean.es\/wp-content\/uploads\/2021\/01\/tropic_20L-y-5L.jpg\",\"contentUrl\":\"https:\/\/agroclean.es\/wp-content\/uploads\/2021\/01\/tropic_20L-y-5L.jpg\",\"width\":1400,\"height\":1400},{\"@type\":\"BreadcrumbList\",\"@id\":\"https:\/\/agroclean.es\/fr\/producto\/tropic\/#breadcrumb\",\"itemListElement\":[{\"@type\":\"ListItem\",\"position\":1,\"name\":\"Portada\",\"item\":\"https:\/\/agroclean.es\/fr\/\"},{\"@type\":\"ListItem\",\"position\":2,\"name\":\"Produits\",\"item\":\"https:\/\/agroclean.es\/fr\/produits\/\"},{\"@type\":\"ListItem\",\"position\":3,\"name\":\"Tropic\"}]},{\"@type\":\"WebSite\",\"@id\":\"https:\/\/agroclean.es\/fr\/#website\",\"url\":\"https:\/\/agroclean.es\/fr\/\",\"name\":\"Agroclean\",\"description\":\"Fabricantes de productos nutricionales para cultivos\",\"publisher\":{\"@id\":\"https:\/\/agroclean.es\/fr\/#organization\"},\"potentialAction\":[{\"@type\":\"SearchAction\",\"target\":{\"@type\":\"EntryPoint\",\"urlTemplate\":\"https:\/\/agroclean.es\/fr\/?s={search_term_string}\"},\"query-input\":{\"@type\":\"PropertyValueSpecification\",\"valueRequired\":true,\"valueName\":\"search_term_string\"}}],\"inLanguage\":\"fr-FR\"},{\"@type\":\"Organization\",\"@id\":\"https:\/\/agroclean.es\/fr\/#organization\",\"name\":\"Agroclean\",\"url\":\"https:\/\/agroclean.es\/fr\/\",\"logo\":{\"@type\":\"ImageObject\",\"inLanguage\":\"fr-FR\",\"@id\":\"https:\/\/agroclean.es\/fr\/#\/schema\/logo\/image\/\",\"url\":\"https:\/\/agroclean.es\/wp-content\/uploads\/2020\/12\/cropped-Inicio-agroclean-1.png\",\"contentUrl\":\"https:\/\/agroclean.es\/wp-content\/uploads\/2020\/12\/cropped-Inicio-agroclean-1.png\",\"width\":284,\"height\":78,\"caption\":\"Agroclean\"},\"image\":{\"@id\":\"https:\/\/agroclean.es\/fr\/#\/schema\/logo\/image\/\"},\"sameAs\":[\"https:\/\/www.linkedin.com\/company\/agroclean-s-l\/\"]}]}<\/script>\n<!-- \/ Yoast SEO plugin. -->","yoast_head_json":{"title":"Tropic - Grossissement et m\u00fbrissementAgroclean","description":"Le meilleur m\u00fbrissement et grossissement pour votre culture.","robots":{"index":"index","follow":"follow","max-snippet":"max-snippet:-1","max-image-preview":"max-image-preview:large","max-video-preview":"max-video-preview:-1"},"canonical":"https:\/\/agroclean.es\/fr\/producto\/tropic\/","og_locale":"fr_FR","og_type":"article","og_title":"Tropic - Grossissement et m\u00fbrissementAgroclean","og_description":"Le meilleur m\u00fbrissement et grossissement pour votre culture.","og_url":"https:\/\/agroclean.es\/fr\/producto\/tropic\/","og_site_name":"Agroclean","article_modified_time":"2024-09-12T09:56:08+00:00","og_image":[{"width":1400,"height":1400,"url":"https:\/\/agroclean.es\/wp-content\/uploads\/2021\/01\/tropic_20L-y-5L.jpg","type":"image\/jpeg"}],"twitter_card":"summary_large_image","twitter_misc":{"Dur\u00e9e de lecture estim\u00e9e":"1 minute"},"schema":{"@context":"https:\/\/schema.org","@graph":[{"@type":["WebPage","ItemPage"],"@id":"https:\/\/agroclean.es\/fr\/producto\/tropic\/","url":"https:\/\/agroclean.es\/fr\/producto\/tropic\/","name":"Tropic - Grossissement et m\u00fbrissementAgroclean","isPartOf":{"@id":"https:\/\/agroclean.es\/fr\/#website"},"primaryImageOfPage":{"@id":"https:\/\/agroclean.es\/fr\/producto\/tropic\/#primaryimage"},"image":{"@id":"https:\/\/agroclean.es\/fr\/producto\/tropic\/#primaryimage"},"thumbnailUrl":"https:\/\/agroclean.es\/wp-content\/uploads\/2021\/01\/tropic_20L-y-5L.jpg","datePublished":"2021-01-15T11:52:11+00:00","dateModified":"2024-09-12T09:56:08+00:00","description":"Le meilleur m\u00fbrissement et grossissement pour votre culture.","breadcrumb":{"@id":"https:\/\/agroclean.es\/fr\/producto\/tropic\/#breadcrumb"},"inLanguage":"fr-FR","potentialAction":[{"@type":"ReadAction","target":["https:\/\/agroclean.es\/fr\/producto\/tropic\/"]}]},{"@type":"ImageObject","inLanguage":"fr-FR","@id":"https:\/\/agroclean.es\/fr\/producto\/tropic\/#primaryimage","url":"https:\/\/agroclean.es\/wp-content\/uploads\/2021\/01\/tropic_20L-y-5L.jpg","contentUrl":"https:\/\/agroclean.es\/wp-content\/uploads\/2021\/01\/tropic_20L-y-5L.jpg","width":1400,"height":1400},{"@type":"BreadcrumbList","@id":"https:\/\/agroclean.es\/fr\/producto\/tropic\/#breadcrumb","itemListElement":[{"@type":"ListItem","position":1,"name":"Portada","item":"https:\/\/agroclean.es\/fr\/"},{"@type":"ListItem","position":2,"name":"Produits","item":"https:\/\/agroclean.es\/fr\/produits\/"},{"@type":"ListItem","position":3,"name":"Tropic"}]},{"@type":"WebSite","@id":"https:\/\/agroclean.es\/fr\/#website","url":"https:\/\/agroclean.es\/fr\/","name":"Agroclean","description":"Fabricantes de productos nutricionales para cultivos","publisher":{"@id":"https:\/\/agroclean.es\/fr\/#organization"},"potentialAction":[{"@type":"SearchAction","target":{"@type":"EntryPoint","urlTemplate":"https:\/\/agroclean.es\/fr\/?s={search_term_string}"},"query-input":{"@type":"PropertyValueSpecification","valueRequired":true,"valueName":"search_term_string"}}],"inLanguage":"fr-FR"},{"@type":"Organization","@id":"https:\/\/agroclean.es\/fr\/#organization","name":"Agroclean","url":"https:\/\/agroclean.es\/fr\/","logo":{"@type":"ImageObject","inLanguage":"fr-FR","@id":"https:\/\/agroclean.es\/fr\/#\/schema\/logo\/image\/","url":"https:\/\/agroclean.es\/wp-content\/uploads\/2020\/12\/cropped-Inicio-agroclean-1.png","contentUrl":"https:\/\/agroclean.es\/wp-content\/uploads\/2020\/12\/cropped-Inicio-agroclean-1.png","width":284,"height":78,"caption":"Agroclean"},"image":{"@id":"https:\/\/agroclean.es\/fr\/#\/schema\/logo\/image\/"},"sameAs":["https:\/\/www.linkedin.com\/company\/agroclean-s-l\/"]}]}},"_links":{"self":[{"href":"https:\/\/agroclean.es\/fr\/wp-json\/wp\/v2\/product\/2693","targetHints":{"allow":["GET"]}}],"collection":[{"href":"https:\/\/agroclean.es\/fr\/wp-json\/wp\/v2\/product"}],"about":[{"href":"https:\/\/agroclean.es\/fr\/wp-json\/wp\/v2\/types\/product"}],"version-history":[{"count":0,"href":"https:\/\/agroclean.es\/fr\/wp-json\/wp\/v2\/product\/2693\/revisions"}],"wp:featuredmedia":[{"embeddable":true,"href":"https:\/\/agroclean.es\/fr\/wp-json\/wp\/v2\/media\/2696"}],"wp:attachment":[{"href":"https:\/\/agroclean.es\/fr\/wp-json\/wp\/v2\/media?parent=2693"}],"wp:term":[{"taxonomy":"product_brand","embeddable":true,"href":"https:\/\/agroclean.es\/fr\/wp-json\/wp\/v2\/product_brand?post=2693"},{"taxonomy":"product_cat","embeddable":true,"href":"https:\/\/agroclean.es\/fr\/wp-json\/wp\/v2\/product_cat?post=2693"},{"taxonomy":"product_tag","embeddable":true,"href":"https:\/\/agroclean.es\/fr\/wp-json\/wp\/v2\/product_tag?post=2693"}],"curies":[{"name":"wp","href":"https:\/\/api.w.org\/{rel}","templated":true}]}}