{"id":2676,"date":"2021-01-15T13:02:56","date_gmt":"2021-01-15T12:02:56","guid":{"rendered":"https:\/\/agroclean.es\/producto\/raiz-plus\/"},"modified":"2024-09-12T11:48:25","modified_gmt":"2024-09-12T09:48:25","slug":"raiz-plus","status":"publish","type":"product","link":"https:\/\/agroclean.es\/fr\/producto\/raiz-plus\/","title":{"rendered":"Ra\u00edz Plus"},"content":{"rendered":"<p>Produit formul\u00e9 \u00e0 base d\u2019acides amin\u00e9s obtenus par fermentation de prot\u00e9ines v\u00e9g\u00e9tales, pour une application racinaire afin de stimuler la croissance des racines. Sp\u00e9cialement indiqu\u00e9 pour la r\u00e9cup\u00e9ration post-transplantation et pour r\u00e9cup\u00e9rer le syst\u00e8me racinaire apr\u00e8s des dommages. Comme il est issu de prot\u00e9ines v\u00e9g\u00e9tales, il contient des phytohormones (cytokinines, auxines et z\u00e9atines) ainsi que des pr\u00e9curseurs hormonaux, des vitamines du groupe B et d\u2019autres substances faisant de ce produit un fabuleux enracineur. Son aminogramme est totalement \u00e9quilibr\u00e9 avec un bon niveau d\u2019acide glutamique et tryptophane qui agit comme pr\u00e9curseur de l\u2019acide indolac\u00e9tique.<\/p>\n<table width=\"547\">\n<tbody>\n<tr>\n<td class=\"titulo\" width=\"187\">20 L<\/td>\n<td class=\"titulo\" width=\"178\">5 L<\/td>\n<td class=\"titulo\" width=\"182\">1 L<\/td>\n<\/tr>\n<tr>\n<td>15,91 \u20ac\/L<\/td>\n<td>16,54 \u20ac\/L<\/td>\n<td>17,18 \u20ac\/L<\/td>\n<\/tr>\n<tr>\n<td class=\"titulo\">20 L (Palette (640 L))<\/td>\n<td class=\"titulo\">5 L (Palette (320 L))<\/td>\n<td class=\"titulo\">1 L (Palette (192 L))<\/td>\n<\/tr>\n<tr>\n<td>13,52 \u20ac\/L<\/td>\n<td>14,05 \u20ac\/L<\/td>\n<td>14,60 \u20ac\/L<\/td>\n<\/tr>\n<\/tbody>\n<\/table>\n<p><em>*\u00cates-vous un grand agriculteur, p\u00e9pini\u00e8re ou distributeur? Nous avons un autre tarif pour vous. Consultez notre rubrique \u201cGros volume et distributeurs\u201d<\/em><\/p>\n","protected":false},"excerpt":{"rendered":"<p>Stimulant pour le d\u00e9veloppement de la racine apr\u00e8s la transplantation ou en cas de stress d\u00fb \u00e0 une circonstance donn\u00e9e.<\/p>\n","protected":false},"featured_media":2677,"template":"","meta":[],"product_brand":[],"product_cat":[76],"product_tag":[80],"class_list":{"0":"post-2676","1":"product","2":"type-product","3":"status-publish","4":"has-post-thumbnail","6":"product_cat-enracineurs","7":"product_tag-gamme-premium","9":"first","10":"instock","11":"taxable","12":"shipping-taxable","13":"purchasable","14":"product-type-variable"},"yoast_head":"<!-- This site is optimized with the Yoast SEO plugin v27.4 - https:\/\/yoast.com\/product\/yoast-seo-wordpress\/ -->\n<title>Ra\u00edz Plus - EnracineursAgroclean<\/title>\n<meta name=\"description\" content=\"Stimulant pour le d\u00e9veloppement de la racine apr\u00e8s la transplantation ou en cas de stress d\u00fb \u00e0 une circonstance donn\u00e9e.\" \/>\n<meta name=\"robots\" content=\"index, follow, max-snippet:-1, max-image-preview:large, max-video-preview:-1\" \/>\n<link rel=\"canonical\" href=\"https:\/\/agroclean.es\/fr\/producto\/raiz-plus\/\" \/>\n<meta property=\"og:locale\" content=\"fr_FR\" \/>\n<meta property=\"og:type\" content=\"article\" \/>\n<meta property=\"og:title\" content=\"Ra\u00edz Plus - EnracineursAgroclean\" \/>\n<meta property=\"og:description\" content=\"Stimulant pour le d\u00e9veloppement de la racine apr\u00e8s la transplantation ou en cas de stress d\u00fb \u00e0 une circonstance donn\u00e9e.\" \/>\n<meta property=\"og:url\" content=\"https:\/\/agroclean.es\/fr\/producto\/raiz-plus\/\" \/>\n<meta property=\"og:site_name\" content=\"Agroclean\" \/>\n<meta property=\"article:modified_time\" content=\"2024-09-12T09:48:25+00:00\" \/>\n<meta property=\"og:image\" content=\"https:\/\/agroclean.es\/wp-content\/uploads\/2021\/01\/Montaje_20L-5L-y-1L.jpg\" \/>\n\t<meta property=\"og:image:width\" content=\"1400\" \/>\n\t<meta property=\"og:image:height\" content=\"1400\" \/>\n\t<meta property=\"og:image:type\" content=\"image\/jpeg\" \/>\n<meta name=\"twitter:card\" content=\"summary_large_image\" \/>\n<meta name=\"twitter:label1\" content=\"Dur\u00e9e de lecture estim\u00e9e\" \/>\n\t<meta name=\"twitter:data1\" content=\"1 minute\" \/>\n<script type=\"application\/ld+json\" class=\"yoast-schema-graph\">{\"@context\":\"https:\\\/\\\/schema.org\",\"@graph\":[{\"@type\":[\"WebPage\",\"ItemPage\"],\"@id\":\"https:\\\/\\\/agroclean.es\\\/fr\\\/producto\\\/raiz-plus\\\/\",\"url\":\"https:\\\/\\\/agroclean.es\\\/fr\\\/producto\\\/raiz-plus\\\/\",\"name\":\"Ra\u00edz Plus - EnracineursAgroclean\",\"isPartOf\":{\"@id\":\"https:\\\/\\\/agroclean.es\\\/fr\\\/#website\"},\"primaryImageOfPage\":{\"@id\":\"https:\\\/\\\/agroclean.es\\\/fr\\\/producto\\\/raiz-plus\\\/#primaryimage\"},\"image\":{\"@id\":\"https:\\\/\\\/agroclean.es\\\/fr\\\/producto\\\/raiz-plus\\\/#primaryimage\"},\"thumbnailUrl\":\"https:\\\/\\\/agroclean.es\\\/wp-content\\\/uploads\\\/2021\\\/01\\\/Montaje_20L-5L-y-1L.jpg\",\"datePublished\":\"2021-01-15T12:02:56+00:00\",\"dateModified\":\"2024-09-12T09:48:25+00:00\",\"description\":\"Stimulant pour le d\u00e9veloppement de la racine apr\u00e8s la transplantation ou en cas de stress d\u00fb \u00e0 une circonstance donn\u00e9e.\",\"breadcrumb\":{\"@id\":\"https:\\\/\\\/agroclean.es\\\/fr\\\/producto\\\/raiz-plus\\\/#breadcrumb\"},\"inLanguage\":\"fr-FR\",\"potentialAction\":[{\"@type\":\"ReadAction\",\"target\":[\"https:\\\/\\\/agroclean.es\\\/fr\\\/producto\\\/raiz-plus\\\/\"]}]},{\"@type\":\"ImageObject\",\"inLanguage\":\"fr-FR\",\"@id\":\"https:\\\/\\\/agroclean.es\\\/fr\\\/producto\\\/raiz-plus\\\/#primaryimage\",\"url\":\"https:\\\/\\\/agroclean.es\\\/wp-content\\\/uploads\\\/2021\\\/01\\\/Montaje_20L-5L-y-1L.jpg\",\"contentUrl\":\"https:\\\/\\\/agroclean.es\\\/wp-content\\\/uploads\\\/2021\\\/01\\\/Montaje_20L-5L-y-1L.jpg\",\"width\":1400,\"height\":1400},{\"@type\":\"BreadcrumbList\",\"@id\":\"https:\\\/\\\/agroclean.es\\\/fr\\\/producto\\\/raiz-plus\\\/#breadcrumb\",\"itemListElement\":[{\"@type\":\"ListItem\",\"position\":1,\"name\":\"Portada\",\"item\":\"https:\\\/\\\/agroclean.es\\\/fr\\\/\"},{\"@type\":\"ListItem\",\"position\":2,\"name\":\"Produits\",\"item\":\"https:\\\/\\\/agroclean.es\\\/fr\\\/produits\\\/\"},{\"@type\":\"ListItem\",\"position\":3,\"name\":\"Ra\u00edz Plus\"}]},{\"@type\":\"WebSite\",\"@id\":\"https:\\\/\\\/agroclean.es\\\/fr\\\/#website\",\"url\":\"https:\\\/\\\/agroclean.es\\\/fr\\\/\",\"name\":\"Agroclean\",\"description\":\"Fabricantes de productos nutricionales para cultivos\",\"publisher\":{\"@id\":\"https:\\\/\\\/agroclean.es\\\/fr\\\/#organization\"},\"potentialAction\":[{\"@type\":\"SearchAction\",\"target\":{\"@type\":\"EntryPoint\",\"urlTemplate\":\"https:\\\/\\\/agroclean.es\\\/fr\\\/?s={search_term_string}\"},\"query-input\":{\"@type\":\"PropertyValueSpecification\",\"valueRequired\":true,\"valueName\":\"search_term_string\"}}],\"inLanguage\":\"fr-FR\"},{\"@type\":\"Organization\",\"@id\":\"https:\\\/\\\/agroclean.es\\\/fr\\\/#organization\",\"name\":\"Agroclean\",\"url\":\"https:\\\/\\\/agroclean.es\\\/fr\\\/\",\"logo\":{\"@type\":\"ImageObject\",\"inLanguage\":\"fr-FR\",\"@id\":\"https:\\\/\\\/agroclean.es\\\/fr\\\/#\\\/schema\\\/logo\\\/image\\\/\",\"url\":\"https:\\\/\\\/agroclean.es\\\/wp-content\\\/uploads\\\/2020\\\/12\\\/cropped-Inicio-agroclean-1.png\",\"contentUrl\":\"https:\\\/\\\/agroclean.es\\\/wp-content\\\/uploads\\\/2020\\\/12\\\/cropped-Inicio-agroclean-1.png\",\"width\":284,\"height\":78,\"caption\":\"Agroclean\"},\"image\":{\"@id\":\"https:\\\/\\\/agroclean.es\\\/fr\\\/#\\\/schema\\\/logo\\\/image\\\/\"},\"sameAs\":[\"https:\\\/\\\/www.linkedin.com\\\/company\\\/agroclean-s-l\\\/\"]}]}<\/script>\n<!-- \/ Yoast SEO plugin. -->","yoast_head_json":{"title":"Ra\u00edz Plus - EnracineursAgroclean","description":"Stimulant pour le d\u00e9veloppement de la racine apr\u00e8s la transplantation ou en cas de stress d\u00fb \u00e0 une circonstance donn\u00e9e.","robots":{"index":"index","follow":"follow","max-snippet":"max-snippet:-1","max-image-preview":"max-image-preview:large","max-video-preview":"max-video-preview:-1"},"canonical":"https:\/\/agroclean.es\/fr\/producto\/raiz-plus\/","og_locale":"fr_FR","og_type":"article","og_title":"Ra\u00edz Plus - EnracineursAgroclean","og_description":"Stimulant pour le d\u00e9veloppement de la racine apr\u00e8s la transplantation ou en cas de stress d\u00fb \u00e0 une circonstance donn\u00e9e.","og_url":"https:\/\/agroclean.es\/fr\/producto\/raiz-plus\/","og_site_name":"Agroclean","article_modified_time":"2024-09-12T09:48:25+00:00","og_image":[{"width":1400,"height":1400,"url":"https:\/\/agroclean.es\/wp-content\/uploads\/2021\/01\/Montaje_20L-5L-y-1L.jpg","type":"image\/jpeg"}],"twitter_card":"summary_large_image","twitter_misc":{"Dur\u00e9e de lecture estim\u00e9e":"1 minute"},"schema":{"@context":"https:\/\/schema.org","@graph":[{"@type":["WebPage","ItemPage"],"@id":"https:\/\/agroclean.es\/fr\/producto\/raiz-plus\/","url":"https:\/\/agroclean.es\/fr\/producto\/raiz-plus\/","name":"Ra\u00edz Plus - EnracineursAgroclean","isPartOf":{"@id":"https:\/\/agroclean.es\/fr\/#website"},"primaryImageOfPage":{"@id":"https:\/\/agroclean.es\/fr\/producto\/raiz-plus\/#primaryimage"},"image":{"@id":"https:\/\/agroclean.es\/fr\/producto\/raiz-plus\/#primaryimage"},"thumbnailUrl":"https:\/\/agroclean.es\/wp-content\/uploads\/2021\/01\/Montaje_20L-5L-y-1L.jpg","datePublished":"2021-01-15T12:02:56+00:00","dateModified":"2024-09-12T09:48:25+00:00","description":"Stimulant pour le d\u00e9veloppement de la racine apr\u00e8s la transplantation ou en cas de stress d\u00fb \u00e0 une circonstance donn\u00e9e.","breadcrumb":{"@id":"https:\/\/agroclean.es\/fr\/producto\/raiz-plus\/#breadcrumb"},"inLanguage":"fr-FR","potentialAction":[{"@type":"ReadAction","target":["https:\/\/agroclean.es\/fr\/producto\/raiz-plus\/"]}]},{"@type":"ImageObject","inLanguage":"fr-FR","@id":"https:\/\/agroclean.es\/fr\/producto\/raiz-plus\/#primaryimage","url":"https:\/\/agroclean.es\/wp-content\/uploads\/2021\/01\/Montaje_20L-5L-y-1L.jpg","contentUrl":"https:\/\/agroclean.es\/wp-content\/uploads\/2021\/01\/Montaje_20L-5L-y-1L.jpg","width":1400,"height":1400},{"@type":"BreadcrumbList","@id":"https:\/\/agroclean.es\/fr\/producto\/raiz-plus\/#breadcrumb","itemListElement":[{"@type":"ListItem","position":1,"name":"Portada","item":"https:\/\/agroclean.es\/fr\/"},{"@type":"ListItem","position":2,"name":"Produits","item":"https:\/\/agroclean.es\/fr\/produits\/"},{"@type":"ListItem","position":3,"name":"Ra\u00edz Plus"}]},{"@type":"WebSite","@id":"https:\/\/agroclean.es\/fr\/#website","url":"https:\/\/agroclean.es\/fr\/","name":"Agroclean","description":"Fabricantes de productos nutricionales para cultivos","publisher":{"@id":"https:\/\/agroclean.es\/fr\/#organization"},"potentialAction":[{"@type":"SearchAction","target":{"@type":"EntryPoint","urlTemplate":"https:\/\/agroclean.es\/fr\/?s={search_term_string}"},"query-input":{"@type":"PropertyValueSpecification","valueRequired":true,"valueName":"search_term_string"}}],"inLanguage":"fr-FR"},{"@type":"Organization","@id":"https:\/\/agroclean.es\/fr\/#organization","name":"Agroclean","url":"https:\/\/agroclean.es\/fr\/","logo":{"@type":"ImageObject","inLanguage":"fr-FR","@id":"https:\/\/agroclean.es\/fr\/#\/schema\/logo\/image\/","url":"https:\/\/agroclean.es\/wp-content\/uploads\/2020\/12\/cropped-Inicio-agroclean-1.png","contentUrl":"https:\/\/agroclean.es\/wp-content\/uploads\/2020\/12\/cropped-Inicio-agroclean-1.png","width":284,"height":78,"caption":"Agroclean"},"image":{"@id":"https:\/\/agroclean.es\/fr\/#\/schema\/logo\/image\/"},"sameAs":["https:\/\/www.linkedin.com\/company\/agroclean-s-l\/"]}]}},"_links":{"self":[{"href":"https:\/\/agroclean.es\/fr\/wp-json\/wp\/v2\/product\/2676","targetHints":{"allow":["GET"]}}],"collection":[{"href":"https:\/\/agroclean.es\/fr\/wp-json\/wp\/v2\/product"}],"about":[{"href":"https:\/\/agroclean.es\/fr\/wp-json\/wp\/v2\/types\/product"}],"version-history":[{"count":0,"href":"https:\/\/agroclean.es\/fr\/wp-json\/wp\/v2\/product\/2676\/revisions"}],"wp:featuredmedia":[{"embeddable":true,"href":"https:\/\/agroclean.es\/fr\/wp-json\/wp\/v2\/media\/2677"}],"wp:attachment":[{"href":"https:\/\/agroclean.es\/fr\/wp-json\/wp\/v2\/media?parent=2676"}],"wp:term":[{"taxonomy":"product_brand","embeddable":true,"href":"https:\/\/agroclean.es\/fr\/wp-json\/wp\/v2\/product_brand?post=2676"},{"taxonomy":"product_cat","embeddable":true,"href":"https:\/\/agroclean.es\/fr\/wp-json\/wp\/v2\/product_cat?post=2676"},{"taxonomy":"product_tag","embeddable":true,"href":"https:\/\/agroclean.es\/fr\/wp-json\/wp\/v2\/product_tag?post=2676"}],"curies":[{"name":"wp","href":"https:\/\/api.w.org\/{rel}","templated":true}]}}