{"id":2658,"date":"2021-01-15T12:58:31","date_gmt":"2021-01-15T11:58:31","guid":{"rendered":"https:\/\/agroclean.es\/producto\/cyclon\/"},"modified":"2024-09-12T11:49:00","modified_gmt":"2024-09-12T09:49:00","slug":"cyclon","status":"publish","type":"product","link":"https:\/\/agroclean.es\/fr\/producto\/cyclon\/","title":{"rendered":"Cycl\u00f3n"},"content":{"rendered":"<p>Cycl\u00f3n est compos\u00e9 d\u2019un m\u00e9lange d\u2019acides amin\u00e9s libres \u00e0 cha\u00eene courte (hydrolyse enzymatique et hydrolyse acide de prot\u00e9ines v\u00e9g\u00e9tales), dans une proportion ad\u00e9quate, pour la nutrition et la biostimulation des cultures. Il favorise la croissance racinaire et le d\u00e9veloppement vigoureux des pousses, induit une meilleure floraison, favorise la pollinisation et la nouaison des fruits et am\u00e9liore la qualit\u00e9 et la quantit\u00e9 de la r\u00e9colte.<\/p>\n<table width=\"547\">\n<tbody>\n<tr>\n<td class=\"titulo\" width=\"187\">20 L<\/td>\n<td class=\"titulo\" width=\"178\">5 L<\/td>\n<td class=\"titulo\" width=\"182\">1 L<\/td>\n<\/tr>\n<tr>\n<td>17,39 \u20ac\/L<\/td>\n<td>18,22 \u20ac\/L<\/td>\n<td>19,46 \u20ac\/L<\/td>\n<\/tr>\n<tr>\n<td class=\"titulo\">20 L (Palette (640 L))<\/td>\n<td class=\"titulo\">5 L (Palette (320 L))<\/td>\n<\/tr>\n<tr>\n<td>14,77 \u20ac\/L<\/td>\n<td>15,48 \u20ac\/L<\/td>\n<td><\/td>\n<\/tr>\n<\/tbody>\n<\/table>\n<p><em>*\u00cates-vous un grand agriculteur, p\u00e9pini\u00e8re ou distributeur? Nous avons un autre tarif pour vous. Consultez notre rubrique \u201cGros volume et distributeurs\u201d<\/em><\/p>\n","protected":false},"excerpt":{"rendered":"<p>Contribue \u00e0 la croissance de la plante et au d\u00e9veloppement des fruits dans des situations adverses.<\/p>\n","protected":false},"featured_media":2662,"template":"","meta":[],"product_brand":[],"product_cat":[75],"product_tag":[80],"class_list":{"0":"post-2658","1":"product","2":"type-product","3":"status-publish","4":"has-post-thumbnail","6":"product_cat-grossissement-et-murissement","7":"product_tag-gamme-premium","9":"first","10":"instock","11":"featured","12":"taxable","13":"shipping-taxable","14":"purchasable","15":"product-type-variable"},"yoast_head":"<!-- This site is optimized with the Yoast SEO plugin v27.4 - https:\/\/yoast.com\/product\/yoast-seo-wordpress\/ -->\n<title>Cycl\u00f3n - Grossissement et m\u00fbrissementAgroclean<\/title>\n<meta name=\"description\" content=\"Contribue \u00e0 la croissance de la plante et au d\u00e9veloppement des fruits dans des situations adverses.\" \/>\n<meta name=\"robots\" content=\"index, follow, max-snippet:-1, max-image-preview:large, max-video-preview:-1\" \/>\n<link rel=\"canonical\" href=\"https:\/\/agroclean.es\/fr\/producto\/cyclon\/\" \/>\n<meta property=\"og:locale\" content=\"fr_FR\" \/>\n<meta property=\"og:type\" content=\"article\" \/>\n<meta property=\"og:title\" content=\"Cycl\u00f3n - Grossissement et m\u00fbrissementAgroclean\" \/>\n<meta property=\"og:description\" content=\"Contribue \u00e0 la croissance de la plante et au d\u00e9veloppement des fruits dans des situations adverses.\" \/>\n<meta property=\"og:url\" content=\"https:\/\/agroclean.es\/fr\/producto\/cyclon\/\" \/>\n<meta property=\"og:site_name\" content=\"Agroclean\" \/>\n<meta property=\"article:modified_time\" content=\"2024-09-12T09:49:00+00:00\" \/>\n<meta property=\"og:image\" content=\"https:\/\/agroclean.es\/wp-content\/uploads\/2021\/01\/cyclon_20L-5L-y-1L.jpg\" \/>\n\t<meta property=\"og:image:width\" content=\"1400\" \/>\n\t<meta property=\"og:image:height\" content=\"1400\" \/>\n\t<meta property=\"og:image:type\" content=\"image\/jpeg\" \/>\n<meta name=\"twitter:card\" content=\"summary_large_image\" \/>\n<meta name=\"twitter:label1\" content=\"Dur\u00e9e de lecture estim\u00e9e\" \/>\n\t<meta name=\"twitter:data1\" content=\"1 minute\" \/>\n<script type=\"application\/ld+json\" class=\"yoast-schema-graph\">{\"@context\":\"https:\\\/\\\/schema.org\",\"@graph\":[{\"@type\":[\"WebPage\",\"ItemPage\"],\"@id\":\"https:\\\/\\\/agroclean.es\\\/fr\\\/producto\\\/cyclon\\\/\",\"url\":\"https:\\\/\\\/agroclean.es\\\/fr\\\/producto\\\/cyclon\\\/\",\"name\":\"Cycl\u00f3n - Grossissement et m\u00fbrissementAgroclean\",\"isPartOf\":{\"@id\":\"https:\\\/\\\/agroclean.es\\\/fr\\\/#website\"},\"primaryImageOfPage\":{\"@id\":\"https:\\\/\\\/agroclean.es\\\/fr\\\/producto\\\/cyclon\\\/#primaryimage\"},\"image\":{\"@id\":\"https:\\\/\\\/agroclean.es\\\/fr\\\/producto\\\/cyclon\\\/#primaryimage\"},\"thumbnailUrl\":\"https:\\\/\\\/agroclean.es\\\/wp-content\\\/uploads\\\/2021\\\/01\\\/cyclon_20L-5L-y-1L.jpg\",\"datePublished\":\"2021-01-15T11:58:31+00:00\",\"dateModified\":\"2024-09-12T09:49:00+00:00\",\"description\":\"Contribue \u00e0 la croissance de la plante et au d\u00e9veloppement des fruits dans des situations adverses.\",\"breadcrumb\":{\"@id\":\"https:\\\/\\\/agroclean.es\\\/fr\\\/producto\\\/cyclon\\\/#breadcrumb\"},\"inLanguage\":\"fr-FR\",\"potentialAction\":[{\"@type\":\"ReadAction\",\"target\":[\"https:\\\/\\\/agroclean.es\\\/fr\\\/producto\\\/cyclon\\\/\"]}]},{\"@type\":\"ImageObject\",\"inLanguage\":\"fr-FR\",\"@id\":\"https:\\\/\\\/agroclean.es\\\/fr\\\/producto\\\/cyclon\\\/#primaryimage\",\"url\":\"https:\\\/\\\/agroclean.es\\\/wp-content\\\/uploads\\\/2021\\\/01\\\/cyclon_20L-5L-y-1L.jpg\",\"contentUrl\":\"https:\\\/\\\/agroclean.es\\\/wp-content\\\/uploads\\\/2021\\\/01\\\/cyclon_20L-5L-y-1L.jpg\",\"width\":1400,\"height\":1400},{\"@type\":\"BreadcrumbList\",\"@id\":\"https:\\\/\\\/agroclean.es\\\/fr\\\/producto\\\/cyclon\\\/#breadcrumb\",\"itemListElement\":[{\"@type\":\"ListItem\",\"position\":1,\"name\":\"Portada\",\"item\":\"https:\\\/\\\/agroclean.es\\\/fr\\\/\"},{\"@type\":\"ListItem\",\"position\":2,\"name\":\"Produits\",\"item\":\"https:\\\/\\\/agroclean.es\\\/fr\\\/produits\\\/\"},{\"@type\":\"ListItem\",\"position\":3,\"name\":\"Cycl\u00f3n\"}]},{\"@type\":\"WebSite\",\"@id\":\"https:\\\/\\\/agroclean.es\\\/fr\\\/#website\",\"url\":\"https:\\\/\\\/agroclean.es\\\/fr\\\/\",\"name\":\"Agroclean\",\"description\":\"Fabricantes de productos nutricionales para cultivos\",\"publisher\":{\"@id\":\"https:\\\/\\\/agroclean.es\\\/fr\\\/#organization\"},\"potentialAction\":[{\"@type\":\"SearchAction\",\"target\":{\"@type\":\"EntryPoint\",\"urlTemplate\":\"https:\\\/\\\/agroclean.es\\\/fr\\\/?s={search_term_string}\"},\"query-input\":{\"@type\":\"PropertyValueSpecification\",\"valueRequired\":true,\"valueName\":\"search_term_string\"}}],\"inLanguage\":\"fr-FR\"},{\"@type\":\"Organization\",\"@id\":\"https:\\\/\\\/agroclean.es\\\/fr\\\/#organization\",\"name\":\"Agroclean\",\"url\":\"https:\\\/\\\/agroclean.es\\\/fr\\\/\",\"logo\":{\"@type\":\"ImageObject\",\"inLanguage\":\"fr-FR\",\"@id\":\"https:\\\/\\\/agroclean.es\\\/fr\\\/#\\\/schema\\\/logo\\\/image\\\/\",\"url\":\"https:\\\/\\\/agroclean.es\\\/wp-content\\\/uploads\\\/2020\\\/12\\\/cropped-Inicio-agroclean-1.png\",\"contentUrl\":\"https:\\\/\\\/agroclean.es\\\/wp-content\\\/uploads\\\/2020\\\/12\\\/cropped-Inicio-agroclean-1.png\",\"width\":284,\"height\":78,\"caption\":\"Agroclean\"},\"image\":{\"@id\":\"https:\\\/\\\/agroclean.es\\\/fr\\\/#\\\/schema\\\/logo\\\/image\\\/\"},\"sameAs\":[\"https:\\\/\\\/www.linkedin.com\\\/company\\\/agroclean-s-l\\\/\"]}]}<\/script>\n<!-- \/ Yoast SEO plugin. -->","yoast_head_json":{"title":"Cycl\u00f3n - Grossissement et m\u00fbrissementAgroclean","description":"Contribue \u00e0 la croissance de la plante et au d\u00e9veloppement des fruits dans des situations adverses.","robots":{"index":"index","follow":"follow","max-snippet":"max-snippet:-1","max-image-preview":"max-image-preview:large","max-video-preview":"max-video-preview:-1"},"canonical":"https:\/\/agroclean.es\/fr\/producto\/cyclon\/","og_locale":"fr_FR","og_type":"article","og_title":"Cycl\u00f3n - Grossissement et m\u00fbrissementAgroclean","og_description":"Contribue \u00e0 la croissance de la plante et au d\u00e9veloppement des fruits dans des situations adverses.","og_url":"https:\/\/agroclean.es\/fr\/producto\/cyclon\/","og_site_name":"Agroclean","article_modified_time":"2024-09-12T09:49:00+00:00","og_image":[{"width":1400,"height":1400,"url":"https:\/\/agroclean.es\/wp-content\/uploads\/2021\/01\/cyclon_20L-5L-y-1L.jpg","type":"image\/jpeg"}],"twitter_card":"summary_large_image","twitter_misc":{"Dur\u00e9e de lecture estim\u00e9e":"1 minute"},"schema":{"@context":"https:\/\/schema.org","@graph":[{"@type":["WebPage","ItemPage"],"@id":"https:\/\/agroclean.es\/fr\/producto\/cyclon\/","url":"https:\/\/agroclean.es\/fr\/producto\/cyclon\/","name":"Cycl\u00f3n - Grossissement et m\u00fbrissementAgroclean","isPartOf":{"@id":"https:\/\/agroclean.es\/fr\/#website"},"primaryImageOfPage":{"@id":"https:\/\/agroclean.es\/fr\/producto\/cyclon\/#primaryimage"},"image":{"@id":"https:\/\/agroclean.es\/fr\/producto\/cyclon\/#primaryimage"},"thumbnailUrl":"https:\/\/agroclean.es\/wp-content\/uploads\/2021\/01\/cyclon_20L-5L-y-1L.jpg","datePublished":"2021-01-15T11:58:31+00:00","dateModified":"2024-09-12T09:49:00+00:00","description":"Contribue \u00e0 la croissance de la plante et au d\u00e9veloppement des fruits dans des situations adverses.","breadcrumb":{"@id":"https:\/\/agroclean.es\/fr\/producto\/cyclon\/#breadcrumb"},"inLanguage":"fr-FR","potentialAction":[{"@type":"ReadAction","target":["https:\/\/agroclean.es\/fr\/producto\/cyclon\/"]}]},{"@type":"ImageObject","inLanguage":"fr-FR","@id":"https:\/\/agroclean.es\/fr\/producto\/cyclon\/#primaryimage","url":"https:\/\/agroclean.es\/wp-content\/uploads\/2021\/01\/cyclon_20L-5L-y-1L.jpg","contentUrl":"https:\/\/agroclean.es\/wp-content\/uploads\/2021\/01\/cyclon_20L-5L-y-1L.jpg","width":1400,"height":1400},{"@type":"BreadcrumbList","@id":"https:\/\/agroclean.es\/fr\/producto\/cyclon\/#breadcrumb","itemListElement":[{"@type":"ListItem","position":1,"name":"Portada","item":"https:\/\/agroclean.es\/fr\/"},{"@type":"ListItem","position":2,"name":"Produits","item":"https:\/\/agroclean.es\/fr\/produits\/"},{"@type":"ListItem","position":3,"name":"Cycl\u00f3n"}]},{"@type":"WebSite","@id":"https:\/\/agroclean.es\/fr\/#website","url":"https:\/\/agroclean.es\/fr\/","name":"Agroclean","description":"Fabricantes de productos nutricionales para cultivos","publisher":{"@id":"https:\/\/agroclean.es\/fr\/#organization"},"potentialAction":[{"@type":"SearchAction","target":{"@type":"EntryPoint","urlTemplate":"https:\/\/agroclean.es\/fr\/?s={search_term_string}"},"query-input":{"@type":"PropertyValueSpecification","valueRequired":true,"valueName":"search_term_string"}}],"inLanguage":"fr-FR"},{"@type":"Organization","@id":"https:\/\/agroclean.es\/fr\/#organization","name":"Agroclean","url":"https:\/\/agroclean.es\/fr\/","logo":{"@type":"ImageObject","inLanguage":"fr-FR","@id":"https:\/\/agroclean.es\/fr\/#\/schema\/logo\/image\/","url":"https:\/\/agroclean.es\/wp-content\/uploads\/2020\/12\/cropped-Inicio-agroclean-1.png","contentUrl":"https:\/\/agroclean.es\/wp-content\/uploads\/2020\/12\/cropped-Inicio-agroclean-1.png","width":284,"height":78,"caption":"Agroclean"},"image":{"@id":"https:\/\/agroclean.es\/fr\/#\/schema\/logo\/image\/"},"sameAs":["https:\/\/www.linkedin.com\/company\/agroclean-s-l\/"]}]}},"_links":{"self":[{"href":"https:\/\/agroclean.es\/fr\/wp-json\/wp\/v2\/product\/2658","targetHints":{"allow":["GET"]}}],"collection":[{"href":"https:\/\/agroclean.es\/fr\/wp-json\/wp\/v2\/product"}],"about":[{"href":"https:\/\/agroclean.es\/fr\/wp-json\/wp\/v2\/types\/product"}],"version-history":[{"count":0,"href":"https:\/\/agroclean.es\/fr\/wp-json\/wp\/v2\/product\/2658\/revisions"}],"wp:featuredmedia":[{"embeddable":true,"href":"https:\/\/agroclean.es\/fr\/wp-json\/wp\/v2\/media\/2662"}],"wp:attachment":[{"href":"https:\/\/agroclean.es\/fr\/wp-json\/wp\/v2\/media?parent=2658"}],"wp:term":[{"taxonomy":"product_brand","embeddable":true,"href":"https:\/\/agroclean.es\/fr\/wp-json\/wp\/v2\/product_brand?post=2658"},{"taxonomy":"product_cat","embeddable":true,"href":"https:\/\/agroclean.es\/fr\/wp-json\/wp\/v2\/product_cat?post=2658"},{"taxonomy":"product_tag","embeddable":true,"href":"https:\/\/agroclean.es\/fr\/wp-json\/wp\/v2\/product_tag?post=2658"}],"curies":[{"name":"wp","href":"https:\/\/api.w.org\/{rel}","templated":true}]}}