{"id":1973,"date":"2021-02-25T11:29:30","date_gmt":"2021-02-25T10:29:30","guid":{"rendered":"https:\/\/agroclean.es\/politique-de-confidentialite\/"},"modified":"2024-09-15T20:06:34","modified_gmt":"2024-09-15T18:06:34","slug":"politique-de-confidentialite","status":"publish","type":"page","link":"https:\/\/agroclean.es\/fr\/politique-de-confidentialite\/","title":{"rendered":"Politique de confidentialit\u00e9"},"content":{"rendered":"\t\t<div data-elementor-type=\"wp-page\" data-elementor-id=\"1973\" class=\"elementor elementor-1973 elementor-37\" data-elementor-post-type=\"page\">\n\t\t\t\t\t\t<section class=\"elementor-section elementor-top-section elementor-element elementor-element-e64318e elementor-section-boxed elementor-section-height-default elementor-section-height-default\" data-id=\"e64318e\" data-element_type=\"section\" data-e-type=\"section\" data-settings=\"{&quot;jet_parallax_layout_list&quot;:[{&quot;jet_parallax_layout_image&quot;:{&quot;url&quot;:&quot;&quot;,&quot;id&quot;:&quot;&quot;,&quot;size&quot;:&quot;&quot;},&quot;_id&quot;:&quot;06fae5f&quot;,&quot;jet_parallax_layout_image_tablet&quot;:{&quot;url&quot;:&quot;&quot;,&quot;id&quot;:&quot;&quot;,&quot;size&quot;:&quot;&quot;},&quot;jet_parallax_layout_image_mobile&quot;:{&quot;url&quot;:&quot;&quot;,&quot;id&quot;:&quot;&quot;,&quot;size&quot;:&quot;&quot;},&quot;jet_parallax_layout_speed&quot;:{&quot;unit&quot;:&quot;%&quot;,&quot;size&quot;:50,&quot;sizes&quot;:[]},&quot;jet_parallax_layout_type&quot;:&quot;scroll&quot;,&quot;jet_parallax_layout_direction&quot;:&quot;1&quot;,&quot;jet_parallax_layout_fx_direction&quot;:null,&quot;jet_parallax_layout_z_index&quot;:&quot;&quot;,&quot;jet_parallax_layout_bg_x&quot;:50,&quot;jet_parallax_layout_bg_x_tablet&quot;:&quot;&quot;,&quot;jet_parallax_layout_bg_x_mobile&quot;:&quot;&quot;,&quot;jet_parallax_layout_bg_y&quot;:50,&quot;jet_parallax_layout_bg_y_tablet&quot;:&quot;&quot;,&quot;jet_parallax_layout_bg_y_mobile&quot;:&quot;&quot;,&quot;jet_parallax_layout_bg_size&quot;:&quot;auto&quot;,&quot;jet_parallax_layout_bg_size_tablet&quot;:&quot;&quot;,&quot;jet_parallax_layout_bg_size_mobile&quot;:&quot;&quot;,&quot;jet_parallax_layout_animation_prop&quot;:&quot;transform&quot;,&quot;jet_parallax_layout_on&quot;:[&quot;desktop&quot;,&quot;tablet&quot;]}],&quot;background_background&quot;:&quot;classic&quot;}\">\n\t\t\t\t\t\t<div class=\"elementor-container elementor-column-gap-default\">\n\t\t\t\t\t<div class=\"elementor-column elementor-col-100 elementor-top-column elementor-element elementor-element-0f10d9e\" data-id=\"0f10d9e\" data-element_type=\"column\" data-e-type=\"column\">\n\t\t\t<div class=\"elementor-widget-wrap elementor-element-populated\">\n\t\t\t\t\t\t<div class=\"elementor-element elementor-element-61f59f1 elementor-widget elementor-widget-heading\" data-id=\"61f59f1\" data-element_type=\"widget\" data-e-type=\"widget\" data-widget_type=\"heading.default\">\n\t\t\t\t<div class=\"elementor-widget-container\">\n\t\t\t\t\t<h1 class=\"elementor-heading-title elementor-size-default\">Politique de confidentialit\u00e9<\/h1>\t\t\t\t<\/div>\n\t\t\t\t<\/div>\n\t\t\t\t\t<\/div>\n\t\t<\/div>\n\t\t\t\t\t<\/div>\n\t\t<\/section>\n\t\t\t\t<section class=\"elementor-section elementor-top-section elementor-element elementor-element-36685307 elementor-section-boxed elementor-section-height-default elementor-section-height-default\" data-id=\"36685307\" data-element_type=\"section\" data-e-type=\"section\" data-settings=\"{&quot;jet_parallax_layout_list&quot;:[{&quot;jet_parallax_layout_image&quot;:{&quot;url&quot;:&quot;&quot;,&quot;id&quot;:&quot;&quot;,&quot;size&quot;:&quot;&quot;},&quot;_id&quot;:&quot;99ebac5&quot;,&quot;jet_parallax_layout_image_tablet&quot;:{&quot;url&quot;:&quot;&quot;,&quot;id&quot;:&quot;&quot;,&quot;size&quot;:&quot;&quot;},&quot;jet_parallax_layout_image_mobile&quot;:{&quot;url&quot;:&quot;&quot;,&quot;id&quot;:&quot;&quot;,&quot;size&quot;:&quot;&quot;},&quot;jet_parallax_layout_speed&quot;:{&quot;unit&quot;:&quot;%&quot;,&quot;size&quot;:50,&quot;sizes&quot;:[]},&quot;jet_parallax_layout_type&quot;:&quot;scroll&quot;,&quot;jet_parallax_layout_direction&quot;:&quot;1&quot;,&quot;jet_parallax_layout_fx_direction&quot;:null,&quot;jet_parallax_layout_z_index&quot;:&quot;&quot;,&quot;jet_parallax_layout_bg_x&quot;:50,&quot;jet_parallax_layout_bg_x_tablet&quot;:&quot;&quot;,&quot;jet_parallax_layout_bg_x_mobile&quot;:&quot;&quot;,&quot;jet_parallax_layout_bg_y&quot;:50,&quot;jet_parallax_layout_bg_y_tablet&quot;:&quot;&quot;,&quot;jet_parallax_layout_bg_y_mobile&quot;:&quot;&quot;,&quot;jet_parallax_layout_bg_size&quot;:&quot;auto&quot;,&quot;jet_parallax_layout_bg_size_tablet&quot;:&quot;&quot;,&quot;jet_parallax_layout_bg_size_mobile&quot;:&quot;&quot;,&quot;jet_parallax_layout_animation_prop&quot;:&quot;transform&quot;,&quot;jet_parallax_layout_on&quot;:[&quot;desktop&quot;,&quot;tablet&quot;]}]}\">\n\t\t\t\t\t\t<div class=\"elementor-container elementor-column-gap-default\">\n\t\t\t\t\t<div class=\"elementor-column elementor-col-100 elementor-top-column elementor-element elementor-element-695a3a09\" data-id=\"695a3a09\" data-element_type=\"column\" data-e-type=\"column\">\n\t\t\t<div class=\"elementor-widget-wrap elementor-element-populated\">\n\t\t\t\t\t\t<div class=\"elementor-element elementor-element-5f7d7e7a elementor-widget elementor-widget-text-editor\" data-id=\"5f7d7e7a\" data-element_type=\"widget\" data-e-type=\"widget\" data-widget_type=\"text-editor.default\">\n\t\t\t\t<div class=\"elementor-widget-container\">\n\t\t\t\t\t\t\t\t\t<h5><strong>1. DONN\u00c9ES DU RESPONSABLE DU TRAITEMENT<\/strong><\/h5><p>Nom de la soci\u00e9t\u00e9: AGROCLEAN, S.L (ci-apr\u00e8s, la \u00abSoci\u00e9t\u00e9\u00bb ou le \u00abResponsable\u00bb).<br \/>CIF: B04640694<br \/>Adresse: C \/ Versalles n\u00ba 10, P.I La Redonda, 04710 &#8211; Santa M\u00aa del \u00c1guila (ALMERIA).<br \/>Email pour les communications concernant la protection des donn\u00e9es: informacion@agroclean.es.<\/p><p><strong>1.1. R\u00e8glements applicables<\/strong><\/p><p>Notre politique de confidentialit\u00e9 a \u00e9t\u00e9 con\u00e7ue conform\u00e9ment au r\u00e8glement g\u00e9n\u00e9ral sur la protection des donn\u00e9es de l&rsquo;UE 2016\/679 du Parlement europ\u00e9en et du Conseil, du 27 avril 2016, concernant la protection des personnes physiques \u00e0 l&rsquo;\u00e9gard du traitement des donn\u00e9es \u00e0 caract\u00e8re personnel et la libre circulation de ces donn\u00e9es et par laquelle la directive 95\/46 \/ CE (r\u00e8glement g\u00e9n\u00e9ral sur la protection des donn\u00e9es) est abrog\u00e9e, et ce qui ne contredit pas le r\u00e8glement susmentionn\u00e9, par les dispositions du cadre l\u00e9gislatif espagnol concernant la protection des donn\u00e9es personnelles.<\/p><p>En nous fournissant vos donn\u00e9es, vous d\u00e9clarez que vous avez lu et connaissez cette politique de confidentialit\u00e9, en donnant votre consentement sans \u00e9quivoque et expr\u00e8s au traitement de vos donn\u00e9es personnelles conform\u00e9ment aux finalit\u00e9s et aux conditions exprim\u00e9es dans les pr\u00e9sentes.<\/p><p>La Soci\u00e9t\u00e9 peut modifier cette politique de confidentialit\u00e9 pour l&rsquo;adapter \u00e0 la nouvelle l\u00e9gislation, \u00e0 la jurisprudence ou \u00e0 l&rsquo;interpr\u00e9tation de l&rsquo;Agence espagnole de protection des donn\u00e9es. Ces conditions de confidentialit\u00e9 peuvent \u00eatre compl\u00e9t\u00e9es par les mentions l\u00e9gales, la politique de cookies et les conditions g\u00e9n\u00e9rales qui, le cas \u00e9ch\u00e9ant, sont collect\u00e9es pour certains produits ou services, si cet acc\u00e8s implique une sp\u00e9cialit\u00e9 dans la protection des donn\u00e9es personnelles.<\/p><h5><strong>2. OBJET DU TRAITEMENT DES DONN\u00c9ES PERSONNELLES<\/strong><\/h5><p>Le traitement que nous effectuons de vos donn\u00e9es personnelles r\u00e9pond aux finalit\u00e9s suivantes:<br \/>\u00b7 Vous fournir des informations relatives aux produits et services propos\u00e9s par notre soci\u00e9t\u00e9 et qui sont d\u00e9taill\u00e9s sur ce site web.<br \/>\u00b7 R\u00e9aliser la sous-traitance de nos services en acceptant le budget \/ commande correspondant et \/ ou en signant un contrat commercial.<br \/>\u00b7 Vous envoyer des nouvelles et des mises \u00e0 jour sur notre entit\u00e9 par e-mail et \/ ou par courrier, ainsi que des mises \u00e0 jour de notre catalogue de produits et services.<\/p><p><strong>2.1. P\u00e9riode de conservation de vos donn\u00e9es<\/strong><\/p><p>Nous conserverons vos donn\u00e9es personnelles \u00e0 partir du moment o\u00f9 vous nous donnez votre consentement jusqu&rsquo;\u00e0 ce que vous les r\u00e9voquiez ou demandiez la limitation du traitement. Dans de tels cas, nous garderons vos donn\u00e9es bloqu\u00e9es pendant les p\u00e9riodes l\u00e9galement requises.<\/p><h5><strong>3. L\u00c9GITIMATION ET DONN\u00c9ES COLLECT\u00c9ES <\/strong><\/h5><p>La l\u00e9gitimit\u00e9 du traitement de vos donn\u00e9es est le consentement expr\u00e8s accord\u00e9 au moyen d&rsquo;un acte positif et affirmatif (remplissez le formulaire correspondant et cochez la case d&rsquo;acceptation de cette politique) au moment de nous fournir vos donn\u00e9es personnelles.<\/p><p><strong>3.1. Consentement au traitement de vos donn\u00e9es<\/strong><br \/>En remplissant les formulaires, en cochant la case \u00abJ&rsquo;accepte la politique de confidentialit\u00e9\u00bb et en cliquant pour envoyer les donn\u00e9es, ou en envoyant des courriels \u00e0 la Soci\u00e9t\u00e9 via les comptes activ\u00e9s \u00e0 cet effet, l&rsquo;Utilisateur d\u00e9clare avoir lu et express\u00e9ment accept\u00e9 cette politique de confidentialit\u00e9 , et donne votre consentement explicite et sans \u00e9quivoque au traitement de vos donn\u00e9es personnelles conform\u00e9ment aux finalit\u00e9s indiqu\u00e9es. L&rsquo;Utilisateur certifie qu&rsquo;il a plus de 14 ans et qu&rsquo;il a donc la capacit\u00e9 juridique n\u00e9cessaire pour donner son consentement concernant le traitement de ses donn\u00e9es personnelles et tout cela, conform\u00e9ment aux dispositions de la pr\u00e9sente Politique de confidentialit\u00e9.<\/p><p><strong>3.2. Cat\u00e9gories de donn\u00e9es<\/strong><br \/>Les donn\u00e9es collect\u00e9es font r\u00e9f\u00e9rence \u00e0 la cat\u00e9gorie de donn\u00e9es d&rsquo;identification, telles que: nom et pr\u00e9nom, t\u00e9l\u00e9phone, adresse postale, soci\u00e9t\u00e9, e-mail, ainsi que l&rsquo;adresse IP \u00e0 partir de laquelle vous acc\u00e9dez au formulaire de collecte de donn\u00e9es.<\/p><h5><strong>4. MESURES DE S\u00c9CURIT\u00c9 <\/strong><\/h5><p>Dans le cadre de notre engagement \u00e0 garantir la s\u00e9curit\u00e9 et la confidentialit\u00e9 de vos donn\u00e9es personnelles, nous vous informons que les mesures techniques et organisationnelles n\u00e9cessaires ont \u00e9t\u00e9 adopt\u00e9es pour garantir la s\u00e9curit\u00e9 des donn\u00e9es personnelles et \u00e9viter leur alt\u00e9ration, perte, traitement ou acc\u00e8s non autoris\u00e9, en tenant compte des l&rsquo;\u00e9tat de la technologie, la nature des donn\u00e9es stock\u00e9es et les risques auxquels elles sont expos\u00e9es, conform\u00e9ment \u00e0 l&rsquo;article 32 du RGPD UE 679\/2016.<\/p><h5><strong>5. TRANSFERT DE DONN\u00c9ES <\/strong><\/h5><p>Aucun transfert de donn\u00e9es ou transfert international de vos donn\u00e9es n&rsquo;est pr\u00e9vu, \u00e0 l&rsquo;exception de ceux autoris\u00e9s par la l\u00e9gislation fiscale, commerciale et des t\u00e9l\u00e9communications ainsi que dans les cas o\u00f9 une autorit\u00e9 judiciaire l&rsquo;exige.<\/p><h5><strong>6. DROITS DE L&rsquo;UTILISATEUR <\/strong><\/h5><p>Toute partie int\u00e9ress\u00e9e a le droit d&rsquo;obtenir la confirmation que nous traitons ou non les donn\u00e9es personnelles qui la concernent. Les personnes int\u00e9ress\u00e9es ont le droit d&rsquo;acc\u00e9der \u00e0 leurs donn\u00e9es personnelles, ainsi que de demander la rectification de donn\u00e9es inexactes ou, le cas \u00e9ch\u00e9ant, de demander leur suppression lorsque, entre autres raisons, les donn\u00e9es ne sont plus n\u00e9cessaires aux fins pour lesquelles elles ont \u00e9t\u00e9 collect\u00e9es. Dans certaines circonstances, les parties int\u00e9ress\u00e9es peuvent demander la limitation du traitement de leurs donn\u00e9es, auquel cas nous ne les conserverons que pour l&rsquo;exercice ou la d\u00e9fense de r\u00e9clamations. Pour des raisons li\u00e9es \u00e0 leur situation particuli\u00e8re, les parties int\u00e9ress\u00e9es peuvent s&rsquo;opposer au traitement de leurs donn\u00e9es. Le contr\u00f4leur de donn\u00e9es cessera de traiter les donn\u00e9es, sauf pour des raisons l\u00e9gitimes imp\u00e9rieuses, ou pour l&rsquo;exercice ou la d\u00e9fense d&rsquo;\u00e9ventuelles r\u00e9clamations.<\/p><p><strong>6.1. COMMENT EXERCER MES DROITS?<\/strong><\/p><p>Pour exercer vos droits, vous pouvez \u00e9crire C \/ Versalles n\u00ba 10, PI La Redonda &#8211; 04710 Santa M\u00aa del \u00c1guila (ALMERIA) ou vous pouvez \u00e9galement envoyer un e-mail au responsable ou, le cas \u00e9ch\u00e9ant, au d\u00e9l\u00e9gu\u00e9 \u00e0 la protection des donn\u00e9es \u00e0 informacion @ agroclean .es demandant le formulaire correspondant pour exercer le droit choisi. En option, vous pouvez vous adresser \u00e0 l&rsquo;autorit\u00e9 de contr\u00f4le comp\u00e9tente pour obtenir des informations suppl\u00e9mentaires sur vos droits. N&rsquo;oubliez pas de joindre une copie d&rsquo;un document qui nous permet de vous identifier.<\/p>\t\t\t\t\t\t\t\t<\/div>\n\t\t\t\t<\/div>\n\t\t\t\t\t<\/div>\n\t\t<\/div>\n\t\t\t\t\t<\/div>\n\t\t<\/section>\n\t\t\t\t<\/div>\n\t\t","protected":false},"excerpt":{"rendered":"<p>Politique de confidentialit\u00e9 1. DONN\u00c9ES DU RESPONSABLE DU TRAITEMENT Nom de la soci\u00e9t\u00e9: AGROCLEAN, S.L (ci-apr\u00e8s, la \u00abSoci\u00e9t\u00e9\u00bb ou le \u00abResponsable\u00bb).CIF: B04640694Adresse: C \/ Versalles n\u00ba 10, P.I La Redonda, 04710 &#8211; Santa M\u00aa del \u00c1guila (ALMERIA).Email pour les communications concernant la protection des donn\u00e9es: informacion@agroclean.es. 1.1. R\u00e8glements applicables Notre politique de confidentialit\u00e9 a \u00e9t\u00e9 [&hellip;]<\/p>\n","protected":false},"author":2,"featured_media":0,"parent":0,"menu_order":0,"comment_status":"closed","ping_status":"closed","template":"","meta":{"footnotes":""},"class_list":["post-1973","page","type-page","status-publish","hentry"],"yoast_head":"<!-- This site is optimized with the Yoast SEO plugin v27.2 - https:\/\/yoast.com\/product\/yoast-seo-wordpress\/ -->\n<title>Politique de confidentialit\u00e9 - Agroclean<\/title>\n<meta name=\"robots\" content=\"index, follow, max-snippet:-1, max-image-preview:large, max-video-preview:-1\" \/>\n<link rel=\"canonical\" href=\"https:\/\/agroclean.es\/fr\/politique-de-confidentialite\/\" \/>\n<meta property=\"og:locale\" content=\"fr_FR\" \/>\n<meta property=\"og:type\" content=\"article\" \/>\n<meta property=\"og:title\" content=\"Politique de confidentialit\u00e9 - Agroclean\" \/>\n<meta property=\"og:description\" content=\"Politique de confidentialit\u00e9 1. DONN\u00c9ES DU RESPONSABLE DU TRAITEMENT Nom de la soci\u00e9t\u00e9: AGROCLEAN, S.L (ci-apr\u00e8s, la \u00abSoci\u00e9t\u00e9\u00bb ou le \u00abResponsable\u00bb).CIF: B04640694Adresse: C \/ Versalles n\u00ba 10, P.I La Redonda, 04710 &#8211; Santa M\u00aa del \u00c1guila (ALMERIA).Email pour les communications concernant la protection des donn\u00e9es: informacion@agroclean.es. 1.1. R\u00e8glements applicables Notre politique de confidentialit\u00e9 a \u00e9t\u00e9 [&hellip;]\" \/>\n<meta property=\"og:url\" content=\"https:\/\/agroclean.es\/fr\/politique-de-confidentialite\/\" \/>\n<meta property=\"og:site_name\" content=\"Agroclean\" \/>\n<meta property=\"article:modified_time\" content=\"2024-09-15T18:06:34+00:00\" \/>\n<meta name=\"twitter:card\" content=\"summary_large_image\" \/>\n<meta name=\"twitter:label1\" content=\"Dur\u00e9e de lecture estim\u00e9e\" \/>\n\t<meta name=\"twitter:data1\" content=\"5 minutes\" \/>\n<script type=\"application\/ld+json\" class=\"yoast-schema-graph\">{\"@context\":\"https:\/\/schema.org\",\"@graph\":[{\"@type\":\"WebPage\",\"@id\":\"https:\/\/agroclean.es\/fr\/politique-de-confidentialite\/\",\"url\":\"https:\/\/agroclean.es\/fr\/politique-de-confidentialite\/\",\"name\":\"Politique de confidentialit\u00e9 - Agroclean\",\"isPartOf\":{\"@id\":\"https:\/\/agroclean.es\/fr\/#website\"},\"datePublished\":\"2021-02-25T10:29:30+00:00\",\"dateModified\":\"2024-09-15T18:06:34+00:00\",\"breadcrumb\":{\"@id\":\"https:\/\/agroclean.es\/fr\/politique-de-confidentialite\/#breadcrumb\"},\"inLanguage\":\"fr-FR\",\"potentialAction\":[{\"@type\":\"ReadAction\",\"target\":[\"https:\/\/agroclean.es\/fr\/politique-de-confidentialite\/\"]}]},{\"@type\":\"BreadcrumbList\",\"@id\":\"https:\/\/agroclean.es\/fr\/politique-de-confidentialite\/#breadcrumb\",\"itemListElement\":[{\"@type\":\"ListItem\",\"position\":1,\"name\":\"Portada\",\"item\":\"https:\/\/agroclean.es\/fr\/\"},{\"@type\":\"ListItem\",\"position\":2,\"name\":\"Politique de confidentialit\u00e9\"}]},{\"@type\":\"WebSite\",\"@id\":\"https:\/\/agroclean.es\/fr\/#website\",\"url\":\"https:\/\/agroclean.es\/fr\/\",\"name\":\"Agroclean\",\"description\":\"Fabricantes de productos nutricionales para cultivos\",\"publisher\":{\"@id\":\"https:\/\/agroclean.es\/fr\/#organization\"},\"potentialAction\":[{\"@type\":\"SearchAction\",\"target\":{\"@type\":\"EntryPoint\",\"urlTemplate\":\"https:\/\/agroclean.es\/fr\/?s={search_term_string}\"},\"query-input\":{\"@type\":\"PropertyValueSpecification\",\"valueRequired\":true,\"valueName\":\"search_term_string\"}}],\"inLanguage\":\"fr-FR\"},{\"@type\":\"Organization\",\"@id\":\"https:\/\/agroclean.es\/fr\/#organization\",\"name\":\"Agroclean\",\"url\":\"https:\/\/agroclean.es\/fr\/\",\"logo\":{\"@type\":\"ImageObject\",\"inLanguage\":\"fr-FR\",\"@id\":\"https:\/\/agroclean.es\/fr\/#\/schema\/logo\/image\/\",\"url\":\"https:\/\/agroclean.es\/wp-content\/uploads\/2020\/12\/cropped-Inicio-agroclean-1.png\",\"contentUrl\":\"https:\/\/agroclean.es\/wp-content\/uploads\/2020\/12\/cropped-Inicio-agroclean-1.png\",\"width\":284,\"height\":78,\"caption\":\"Agroclean\"},\"image\":{\"@id\":\"https:\/\/agroclean.es\/fr\/#\/schema\/logo\/image\/\"},\"sameAs\":[\"https:\/\/www.linkedin.com\/company\/agroclean-s-l\/\"]}]}<\/script>\n<!-- \/ Yoast SEO plugin. -->","yoast_head_json":{"title":"Politique de confidentialit\u00e9 - Agroclean","robots":{"index":"index","follow":"follow","max-snippet":"max-snippet:-1","max-image-preview":"max-image-preview:large","max-video-preview":"max-video-preview:-1"},"canonical":"https:\/\/agroclean.es\/fr\/politique-de-confidentialite\/","og_locale":"fr_FR","og_type":"article","og_title":"Politique de confidentialit\u00e9 - Agroclean","og_description":"Politique de confidentialit\u00e9 1. DONN\u00c9ES DU RESPONSABLE DU TRAITEMENT Nom de la soci\u00e9t\u00e9: AGROCLEAN, S.L (ci-apr\u00e8s, la \u00abSoci\u00e9t\u00e9\u00bb ou le \u00abResponsable\u00bb).CIF: B04640694Adresse: C \/ Versalles n\u00ba 10, P.I La Redonda, 04710 &#8211; Santa M\u00aa del \u00c1guila (ALMERIA).Email pour les communications concernant la protection des donn\u00e9es: informacion@agroclean.es. 1.1. R\u00e8glements applicables Notre politique de confidentialit\u00e9 a \u00e9t\u00e9 [&hellip;]","og_url":"https:\/\/agroclean.es\/fr\/politique-de-confidentialite\/","og_site_name":"Agroclean","article_modified_time":"2024-09-15T18:06:34+00:00","twitter_card":"summary_large_image","twitter_misc":{"Dur\u00e9e de lecture estim\u00e9e":"5 minutes"},"schema":{"@context":"https:\/\/schema.org","@graph":[{"@type":"WebPage","@id":"https:\/\/agroclean.es\/fr\/politique-de-confidentialite\/","url":"https:\/\/agroclean.es\/fr\/politique-de-confidentialite\/","name":"Politique de confidentialit\u00e9 - Agroclean","isPartOf":{"@id":"https:\/\/agroclean.es\/fr\/#website"},"datePublished":"2021-02-25T10:29:30+00:00","dateModified":"2024-09-15T18:06:34+00:00","breadcrumb":{"@id":"https:\/\/agroclean.es\/fr\/politique-de-confidentialite\/#breadcrumb"},"inLanguage":"fr-FR","potentialAction":[{"@type":"ReadAction","target":["https:\/\/agroclean.es\/fr\/politique-de-confidentialite\/"]}]},{"@type":"BreadcrumbList","@id":"https:\/\/agroclean.es\/fr\/politique-de-confidentialite\/#breadcrumb","itemListElement":[{"@type":"ListItem","position":1,"name":"Portada","item":"https:\/\/agroclean.es\/fr\/"},{"@type":"ListItem","position":2,"name":"Politique de confidentialit\u00e9"}]},{"@type":"WebSite","@id":"https:\/\/agroclean.es\/fr\/#website","url":"https:\/\/agroclean.es\/fr\/","name":"Agroclean","description":"Fabricantes de productos nutricionales para cultivos","publisher":{"@id":"https:\/\/agroclean.es\/fr\/#organization"},"potentialAction":[{"@type":"SearchAction","target":{"@type":"EntryPoint","urlTemplate":"https:\/\/agroclean.es\/fr\/?s={search_term_string}"},"query-input":{"@type":"PropertyValueSpecification","valueRequired":true,"valueName":"search_term_string"}}],"inLanguage":"fr-FR"},{"@type":"Organization","@id":"https:\/\/agroclean.es\/fr\/#organization","name":"Agroclean","url":"https:\/\/agroclean.es\/fr\/","logo":{"@type":"ImageObject","inLanguage":"fr-FR","@id":"https:\/\/agroclean.es\/fr\/#\/schema\/logo\/image\/","url":"https:\/\/agroclean.es\/wp-content\/uploads\/2020\/12\/cropped-Inicio-agroclean-1.png","contentUrl":"https:\/\/agroclean.es\/wp-content\/uploads\/2020\/12\/cropped-Inicio-agroclean-1.png","width":284,"height":78,"caption":"Agroclean"},"image":{"@id":"https:\/\/agroclean.es\/fr\/#\/schema\/logo\/image\/"},"sameAs":["https:\/\/www.linkedin.com\/company\/agroclean-s-l\/"]}]}},"_links":{"self":[{"href":"https:\/\/agroclean.es\/fr\/wp-json\/wp\/v2\/pages\/1973","targetHints":{"allow":["GET"]}}],"collection":[{"href":"https:\/\/agroclean.es\/fr\/wp-json\/wp\/v2\/pages"}],"about":[{"href":"https:\/\/agroclean.es\/fr\/wp-json\/wp\/v2\/types\/page"}],"author":[{"embeddable":true,"href":"https:\/\/agroclean.es\/fr\/wp-json\/wp\/v2\/users\/2"}],"replies":[{"embeddable":true,"href":"https:\/\/agroclean.es\/fr\/wp-json\/wp\/v2\/comments?post=1973"}],"version-history":[{"count":1,"href":"https:\/\/agroclean.es\/fr\/wp-json\/wp\/v2\/pages\/1973\/revisions"}],"predecessor-version":[{"id":3839,"href":"https:\/\/agroclean.es\/fr\/wp-json\/wp\/v2\/pages\/1973\/revisions\/3839"}],"wp:attachment":[{"href":"https:\/\/agroclean.es\/fr\/wp-json\/wp\/v2\/media?parent=1973"}],"curies":[{"name":"wp","href":"https:\/\/api.w.org\/{rel}","templated":true}]}}